{"id":12,"date":"2014-04-17T10:45:02","date_gmt":"2014-04-17T08:45:02","guid":{"rendered":"http:\/\/tierheim-moers.de\/Wordpress\/?page_id=12"},"modified":"2024-04-11T16:19:28","modified_gmt":"2024-04-11T14:19:28","slug":"helfen","status":"publish","type":"page","link":"https:\/\/tierheim-moers.de\/Wordpress\/helfen\/","title":{"rendered":"Helfen"},"content":{"rendered":"<p><a href=\"http:\/\/tierheim-moers.de\/Wordpress\/wp-content\/uploads\/2014\/04\/helping-hands.jpg\"><img fetchpriority=\"high\" decoding=\"async\" class=\"alignleft size-medium wp-image-2153\" src=\"http:\/\/tierheim-moers.de\/Wordpress\/wp-content\/uploads\/2014\/04\/helping-hands-300x226.jpg\" alt=\"helping-hands\" width=\"300\" height=\"226\" srcset=\"https:\/\/tierheim-moers.de\/Wordpress\/wp-content\/uploads\/2014\/04\/helping-hands-300x226.jpg 300w, https:\/\/tierheim-moers.de\/Wordpress\/wp-content\/uploads\/2014\/04\/helping-hands.jpg 600w\" sizes=\"(max-width: 300px) 100vw, 300px\" \/><\/a>Sie m\u00f6chten uns helfen, wissen aber nicht, wo Ihre Hilfe am dringendsten ben\u00f6tigt wird, und m\u00f6chten sich hier Denkanst\u00f6\u00dfe holen?<\/p>\n<p>Erst einmal freuen wir uns sehr dar\u00fcber, dass Ihnen unser Tierschutzzentrum und \u2013 vor allem \u2013 die uns anvertrauten Tiere am Herzen liegen !<\/p>\n<p>Sehr gerne nehmen wir Ihre Hilfe an, und da es im Tierschutz immer etwas zu tun gibt, hier einige Vorschl\u00e4ge, wie Sie uns am effektivsten helfen k\u00f6nnen:<\/p>\n<ul>\n<li>durch Ihre <a title=\"Mitglied werden\" href=\"http:\/\/tierheim-moers.de\/Wordpress\/verein\/mitglied-werden\/\" target=\"_blank\" rel=\"noopener\">Mitgliedschaft<\/a> im Tierschutzverein Moers und Umgebung e.V.<\/li>\n<li>durch eine finanzielle Patenschaft f\u00fcr ein Tier Ihrer Wahl<\/li>\n<li>durch <a title=\"Handwerker\" href=\"http:\/\/tierheim-moers.de\/Wordpress\/handwerker\/\" target=\"_blank\" rel=\"noopener\">handwerkliche Arbeiten<\/a><\/li>\n<li>als Kuchenb\u00e4cker f\u00fcr unsere Tierheimfeste<\/li>\n<li>durch Geldspenden f\u00fcr unsere massiv gestiegenen Tierarztkosten<\/li>\n<li>durch Hilfe bei Markt- und Infost\u00e4nden sowie anderen Veranstaltungen<\/li>\n<\/ul>\n<p>Wir bedanken uns sehr f\u00fcr Ihr Engagement und bitten um Kontaktaufnahme mit unserem Tierheim-Team.<\/p>\n<p>Ihr<br \/>\nTierschutzverein Moers und Umgebung e.V.<\/p>\n<p>PS: Der Tierschutzverein Moers u.U.e.V. ist beh\u00f6rdlich anerkannt als gemeinn\u00fctzig und besonders f\u00f6rderungsw\u00fcrdig! Spenden sind steuerlich absetzbar.<\/p>\n<div class=\"shariff shariff-align-flex-start shariff-widget-align-center\" data-url=\"https%3A%2F%2Ftierheim-moers.de%2FWordpress%2Fhelfen%2F\" data-timestamp=\"1712852368\" data-hidezero=\"1\" data-backendurl=\"https:\/\/tierheim-moers.de\/Wordpress\/wp-json\/shariff\/v1\/share_counts?\"><ul class=\"shariff-buttons theme-round orientation-horizontal buttonsize-small\"><li class=\"shariff-button facebook shariff-nocustomcolor\" style=\"background-color:#4273c8\"><a href=\"https:\/\/www.facebook.com\/sharer\/sharer.php?u=https%3A%2F%2Ftierheim-moers.de%2FWordpress%2Fhelfen%2F\" title=\"Bei Facebook teilen\" aria-label=\"Bei Facebook teilen\" role=\"button\" rel=\"nofollow\" class=\"shariff-link\" style=\"; background-color:#3b5998; color:#fff\" target=\"_blank\"><span class=\"shariff-icon\" style=\"\"><svg width=\"32px\" height=\"20px\" xmlns=\"http:\/\/www.w3.org\/2000\/svg\" viewBox=\"0 0 18 32\"><path fill=\"#3b5998\" d=\"M17.1 0.2v4.7h-2.8q-1.5 0-2.1 0.6t-0.5 1.9v3.4h5.2l-0.7 5.3h-4.5v13.6h-5.5v-13.6h-4.5v-5.3h4.5v-3.9q0-3.3 1.9-5.2t5-1.8q2.6 0 4.1 0.2z\"\/><\/svg><\/span><\/a><\/li><li class=\"shariff-button twitter shariff-nocustomcolor\" style=\"background-color:#595959\"><a href=\"https:\/\/twitter.com\/share?url=https%3A%2F%2Ftierheim-moers.de%2FWordpress%2Fhelfen%2F&text=Helfen\" title=\"Bei X teilen\" aria-label=\"Bei X teilen\" role=\"button\" rel=\"noopener nofollow\" class=\"shariff-link\" style=\"; background-color:#000; color:#fff\" target=\"_blank\"><span class=\"shariff-icon\" style=\"\"><svg width=\"32px\" height=\"20px\" xmlns=\"http:\/\/www.w3.org\/2000\/svg\" viewBox=\"0 0 24 24\"><path fill=\"#000\" d=\"M14.258 10.152L23.176 0h-2.113l-7.747 8.813L7.133 0H0l9.352 13.328L0 23.973h2.113l8.176-9.309 6.531 9.309h7.133zm-2.895 3.293l-.949-1.328L2.875 1.56h3.246l6.086 8.523.945 1.328 7.91 11.078h-3.246zm0 0\"\/><\/svg><\/span><\/a><\/li><li class=\"shariff-button whatsapp shariff-nocustomcolor\" style=\"background-color:#5cbe4a\"><a href=\"https:\/\/api.whatsapp.com\/send?text=https%3A%2F%2Ftierheim-moers.de%2FWordpress%2Fhelfen%2F%20Helfen\" title=\"Bei Whatsapp teilen\" aria-label=\"Bei Whatsapp teilen\" role=\"button\" rel=\"noopener nofollow\" class=\"shariff-link\" style=\"; background-color:#34af23; color:#fff\" target=\"_blank\"><span class=\"shariff-icon\" style=\"\"><svg width=\"32px\" height=\"20px\" xmlns=\"http:\/\/www.w3.org\/2000\/svg\" viewBox=\"0 0 32 32\"><path fill=\"#34af23\" d=\"M17.6 17.4q0.2 0 1.7 0.8t1.6 0.9q0 0.1 0 0.3 0 0.6-0.3 1.4-0.3 0.7-1.3 1.2t-1.8 0.5q-1 0-3.4-1.1-1.7-0.8-3-2.1t-2.6-3.3q-1.3-1.9-1.3-3.5v-0.1q0.1-1.6 1.3-2.8 0.4-0.4 0.9-0.4 0.1 0 0.3 0t0.3 0q0.3 0 0.5 0.1t0.3 0.5q0.1 0.4 0.6 1.6t0.4 1.3q0 0.4-0.6 1t-0.6 0.8q0 0.1 0.1 0.3 0.6 1.3 1.8 2.4 1 0.9 2.7 1.8 0.2 0.1 0.4 0.1 0.3 0 1-0.9t0.9-0.9zM14 26.9q2.3 0 4.3-0.9t3.6-2.4 2.4-3.6 0.9-4.3-0.9-4.3-2.4-3.6-3.6-2.4-4.3-0.9-4.3 0.9-3.6 2.4-2.4 3.6-0.9 4.3q0 3.6 2.1 6.6l-1.4 4.2 4.3-1.4q2.8 1.9 6.2 1.9zM14 2.2q2.7 0 5.2 1.1t4.3 2.9 2.9 4.3 1.1 5.2-1.1 5.2-2.9 4.3-4.3 2.9-5.2 1.1q-3.5 0-6.5-1.7l-7.4 2.4 2.4-7.2q-1.9-3.2-1.9-6.9 0-2.7 1.1-5.2t2.9-4.3 4.3-2.9 5.2-1.1z\"\/><\/svg><\/span><\/a><\/li><li class=\"shariff-button sms shariff-nocustomcolor shariff-mobile\" style=\"background-color:#d7d9d8\"><a href=\"sms:?&body=https%3A%2F%2Ftierheim-moers.de%2FWordpress%2Fhelfen%2F\" title=\"Per SMS teilen\" aria-label=\"Per SMS teilen\" role=\"button\" rel=\"noopener nofollow\" class=\"shariff-link\" style=\"; background-color:#a1e877; color:#fff\" target=\"_blank\"><span class=\"shariff-icon\" style=\"\"><svg xmlns=\"http:\/\/www.w3.org\/2000\/svg\" width=\"510\" height=\"510\" viewBox=\"0 0 510 510\"><path fill=\"#a1e877\" d=\"M459 0H51C23 0 0 23 0 51v459l102-102h357c28.1 0 51-22.9 51-51V51C510 23 487.1 0 459 0zM178.5 229.5h-51v-51h51V229.5zM280.5 229.5h-51v-51h51V229.5zM382.5 229.5h-51v-51h51V229.5z\"\/><\/svg><\/span><\/a><\/li><\/ul><\/div>","protected":false},"excerpt":{"rendered":"<p>Sie m\u00f6chten uns helfen, wissen aber nicht, wo Ihre Hilfe am dringendsten ben\u00f6tigt wird, und m\u00f6chten sich hier Denkanst\u00f6\u00dfe holen? Erst einmal freuen wir uns sehr dar\u00fcber, dass Ihnen unser Tierschutzzentrum und \u2013 vor allem \u2013 die uns anvertrauten Tiere am Herzen liegen ! Sehr gerne nehmen wir Ihre Hilfe &#8230;<\/p>\n","protected":false},"author":1,"featured_media":0,"parent":0,"menu_order":0,"comment_status":"closed","ping_status":"closed","template":"","meta":{"ngg_post_thumbnail":0,"footnotes":""},"class_list":["post-12","page","type-page","status-publish","hentry","column","threecol"],"yoast_head":"<!-- This site is optimized with the Yoast SEO plugin v24.6 - https:\/\/yoast.com\/wordpress\/plugins\/seo\/ -->\n<title>Helfen | TIERHEIM MOERS<\/title>\n<meta name=\"robots\" content=\"index, follow, max-snippet:-1, max-image-preview:large, max-video-preview:-1\" \/>\n<link rel=\"canonical\" href=\"https:\/\/tierheim-moers.de\/Wordpress\/helfen\/\" \/>\n<meta property=\"og:locale\" content=\"de_DE\" \/>\n<meta property=\"og:type\" content=\"article\" \/>\n<meta property=\"og:title\" content=\"Helfen | TIERHEIM MOERS\" \/>\n<meta property=\"og:description\" content=\"Sie m\u00f6chten uns helfen, wissen aber nicht, wo Ihre Hilfe am dringendsten ben\u00f6tigt wird, und m\u00f6chten sich hier Denkanst\u00f6\u00dfe holen? Erst einmal &#8230;\" \/>\n<meta property=\"og:url\" content=\"https:\/\/tierheim-moers.de\/Wordpress\/helfen\/\" \/>\n<meta property=\"og:site_name\" content=\"TIERHEIM MOERS\" \/>\n<meta property=\"article:publisher\" content=\"https:\/\/de-de.facebook.com\/moers.tierheim\" \/>\n<meta property=\"article:modified_time\" content=\"2024-04-11T14:19:28+00:00\" \/>\n<meta property=\"og:image\" content=\"http:\/\/tierheim-moers.de\/Wordpress\/wp-content\/uploads\/2014\/04\/helping-hands-300x226.jpg\" \/>\n<meta name=\"twitter:card\" content=\"summary_large_image\" \/>\n<meta name=\"twitter:label1\" content=\"Gesch\u00e4tzte Lesezeit\" \/>\n\t<meta name=\"twitter:data1\" content=\"2\u00a0Minuten\" \/>\n<script type=\"application\/ld+json\" class=\"yoast-schema-graph\">{\"@context\":\"https:\/\/schema.org\",\"@graph\":[{\"@type\":\"WebPage\",\"@id\":\"https:\/\/tierheim-moers.de\/Wordpress\/helfen\/\",\"url\":\"https:\/\/tierheim-moers.de\/Wordpress\/helfen\/\",\"name\":\"Helfen | TIERHEIM MOERS\",\"isPartOf\":{\"@id\":\"https:\/\/tierheim-moers.de\/Wordpress\/#website\"},\"primaryImageOfPage\":{\"@id\":\"https:\/\/tierheim-moers.de\/Wordpress\/helfen\/#primaryimage\"},\"image\":{\"@id\":\"https:\/\/tierheim-moers.de\/Wordpress\/helfen\/#primaryimage\"},\"thumbnailUrl\":\"http:\/\/tierheim-moers.de\/Wordpress\/wp-content\/uploads\/2014\/04\/helping-hands-300x226.jpg\",\"datePublished\":\"2014-04-17T08:45:02+00:00\",\"dateModified\":\"2024-04-11T14:19:28+00:00\",\"breadcrumb\":{\"@id\":\"https:\/\/tierheim-moers.de\/Wordpress\/helfen\/#breadcrumb\"},\"inLanguage\":\"de\",\"potentialAction\":[{\"@type\":\"ReadAction\",\"target\":[\"https:\/\/tierheim-moers.de\/Wordpress\/helfen\/\"]}]},{\"@type\":\"ImageObject\",\"inLanguage\":\"de\",\"@id\":\"https:\/\/tierheim-moers.de\/Wordpress\/helfen\/#primaryimage\",\"url\":\"https:\/\/tierheim-moers.de\/Wordpress\/wp-content\/uploads\/2014\/04\/helping-hands.jpg\",\"contentUrl\":\"https:\/\/tierheim-moers.de\/Wordpress\/wp-content\/uploads\/2014\/04\/helping-hands.jpg\",\"width\":600,\"height\":452},{\"@type\":\"BreadcrumbList\",\"@id\":\"https:\/\/tierheim-moers.de\/Wordpress\/helfen\/#breadcrumb\",\"itemListElement\":[{\"@type\":\"ListItem\",\"position\":1,\"name\":\"Startseite\",\"item\":\"https:\/\/tierheim-moers.de\/Wordpress\/\"},{\"@type\":\"ListItem\",\"position\":2,\"name\":\"Helfen\"}]},{\"@type\":\"WebSite\",\"@id\":\"https:\/\/tierheim-moers.de\/Wordpress\/#website\",\"url\":\"https:\/\/tierheim-moers.de\/Wordpress\/\",\"name\":\"Tierheim Moers\",\"description\":\"Tierheim | Hundepension | Tierschutz | Moers\",\"publisher\":{\"@id\":\"https:\/\/tierheim-moers.de\/Wordpress\/#organization\"},\"potentialAction\":[{\"@type\":\"SearchAction\",\"target\":{\"@type\":\"EntryPoint\",\"urlTemplate\":\"https:\/\/tierheim-moers.de\/Wordpress\/?s={search_term_string}\"},\"query-input\":{\"@type\":\"PropertyValueSpecification\",\"valueRequired\":true,\"valueName\":\"search_term_string\"}}],\"inLanguage\":\"de\"},{\"@type\":\"Organization\",\"@id\":\"https:\/\/tierheim-moers.de\/Wordpress\/#organization\",\"name\":\"Tierheim Moers\",\"url\":\"https:\/\/tierheim-moers.de\/Wordpress\/\",\"logo\":{\"@type\":\"ImageObject\",\"inLanguage\":\"de\",\"@id\":\"https:\/\/tierheim-moers.de\/Wordpress\/#\/schema\/logo\/image\/\",\"url\":\"https:\/\/tierheim-moers.de\/Wordpress\/wp-content\/uploads\/2014\/04\/Logo-TSV-Moers-V01-RGB-300.png\",\"contentUrl\":\"https:\/\/tierheim-moers.de\/Wordpress\/wp-content\/uploads\/2014\/04\/Logo-TSV-Moers-V01-RGB-300.png\",\"width\":1052,\"height\":1038,\"caption\":\"Tierheim Moers\"},\"image\":{\"@id\":\"https:\/\/tierheim-moers.de\/Wordpress\/#\/schema\/logo\/image\/\"},\"sameAs\":[\"https:\/\/de-de.facebook.com\/moers.tierheim\"]}]}<\/script>\n<!-- \/ Yoast SEO plugin. -->","yoast_head_json":{"title":"Helfen | TIERHEIM MOERS","robots":{"index":"index","follow":"follow","max-snippet":"max-snippet:-1","max-image-preview":"max-image-preview:large","max-video-preview":"max-video-preview:-1"},"canonical":"https:\/\/tierheim-moers.de\/Wordpress\/helfen\/","og_locale":"de_DE","og_type":"article","og_title":"Helfen | TIERHEIM MOERS","og_description":"Sie m\u00f6chten uns helfen, wissen aber nicht, wo Ihre Hilfe am dringendsten ben\u00f6tigt wird, und m\u00f6chten sich hier Denkanst\u00f6\u00dfe holen? Erst einmal &#8230;","og_url":"https:\/\/tierheim-moers.de\/Wordpress\/helfen\/","og_site_name":"TIERHEIM MOERS","article_publisher":"https:\/\/de-de.facebook.com\/moers.tierheim","article_modified_time":"2024-04-11T14:19:28+00:00","og_image":[{"url":"http:\/\/tierheim-moers.de\/Wordpress\/wp-content\/uploads\/2014\/04\/helping-hands-300x226.jpg","type":"","width":"","height":""}],"twitter_card":"summary_large_image","twitter_misc":{"Gesch\u00e4tzte Lesezeit":"2\u00a0Minuten"},"schema":{"@context":"https:\/\/schema.org","@graph":[{"@type":"WebPage","@id":"https:\/\/tierheim-moers.de\/Wordpress\/helfen\/","url":"https:\/\/tierheim-moers.de\/Wordpress\/helfen\/","name":"Helfen | TIERHEIM MOERS","isPartOf":{"@id":"https:\/\/tierheim-moers.de\/Wordpress\/#website"},"primaryImageOfPage":{"@id":"https:\/\/tierheim-moers.de\/Wordpress\/helfen\/#primaryimage"},"image":{"@id":"https:\/\/tierheim-moers.de\/Wordpress\/helfen\/#primaryimage"},"thumbnailUrl":"http:\/\/tierheim-moers.de\/Wordpress\/wp-content\/uploads\/2014\/04\/helping-hands-300x226.jpg","datePublished":"2014-04-17T08:45:02+00:00","dateModified":"2024-04-11T14:19:28+00:00","breadcrumb":{"@id":"https:\/\/tierheim-moers.de\/Wordpress\/helfen\/#breadcrumb"},"inLanguage":"de","potentialAction":[{"@type":"ReadAction","target":["https:\/\/tierheim-moers.de\/Wordpress\/helfen\/"]}]},{"@type":"ImageObject","inLanguage":"de","@id":"https:\/\/tierheim-moers.de\/Wordpress\/helfen\/#primaryimage","url":"https:\/\/tierheim-moers.de\/Wordpress\/wp-content\/uploads\/2014\/04\/helping-hands.jpg","contentUrl":"https:\/\/tierheim-moers.de\/Wordpress\/wp-content\/uploads\/2014\/04\/helping-hands.jpg","width":600,"height":452},{"@type":"BreadcrumbList","@id":"https:\/\/tierheim-moers.de\/Wordpress\/helfen\/#breadcrumb","itemListElement":[{"@type":"ListItem","position":1,"name":"Startseite","item":"https:\/\/tierheim-moers.de\/Wordpress\/"},{"@type":"ListItem","position":2,"name":"Helfen"}]},{"@type":"WebSite","@id":"https:\/\/tierheim-moers.de\/Wordpress\/#website","url":"https:\/\/tierheim-moers.de\/Wordpress\/","name":"Tierheim Moers","description":"Tierheim | Hundepension | Tierschutz | Moers","publisher":{"@id":"https:\/\/tierheim-moers.de\/Wordpress\/#organization"},"potentialAction":[{"@type":"SearchAction","target":{"@type":"EntryPoint","urlTemplate":"https:\/\/tierheim-moers.de\/Wordpress\/?s={search_term_string}"},"query-input":{"@type":"PropertyValueSpecification","valueRequired":true,"valueName":"search_term_string"}}],"inLanguage":"de"},{"@type":"Organization","@id":"https:\/\/tierheim-moers.de\/Wordpress\/#organization","name":"Tierheim Moers","url":"https:\/\/tierheim-moers.de\/Wordpress\/","logo":{"@type":"ImageObject","inLanguage":"de","@id":"https:\/\/tierheim-moers.de\/Wordpress\/#\/schema\/logo\/image\/","url":"https:\/\/tierheim-moers.de\/Wordpress\/wp-content\/uploads\/2014\/04\/Logo-TSV-Moers-V01-RGB-300.png","contentUrl":"https:\/\/tierheim-moers.de\/Wordpress\/wp-content\/uploads\/2014\/04\/Logo-TSV-Moers-V01-RGB-300.png","width":1052,"height":1038,"caption":"Tierheim Moers"},"image":{"@id":"https:\/\/tierheim-moers.de\/Wordpress\/#\/schema\/logo\/image\/"},"sameAs":["https:\/\/de-de.facebook.com\/moers.tierheim"]}]}},"_links":{"self":[{"href":"https:\/\/tierheim-moers.de\/Wordpress\/wp-json\/wp\/v2\/pages\/12","targetHints":{"allow":["GET"]}}],"collection":[{"href":"https:\/\/tierheim-moers.de\/Wordpress\/wp-json\/wp\/v2\/pages"}],"about":[{"href":"https:\/\/tierheim-moers.de\/Wordpress\/wp-json\/wp\/v2\/types\/page"}],"author":[{"embeddable":true,"href":"https:\/\/tierheim-moers.de\/Wordpress\/wp-json\/wp\/v2\/users\/1"}],"replies":[{"embeddable":true,"href":"https:\/\/tierheim-moers.de\/Wordpress\/wp-json\/wp\/v2\/comments?post=12"}],"version-history":[{"count":11,"href":"https:\/\/tierheim-moers.de\/Wordpress\/wp-json\/wp\/v2\/pages\/12\/revisions"}],"predecessor-version":[{"id":56843,"href":"https:\/\/tierheim-moers.de\/Wordpress\/wp-json\/wp\/v2\/pages\/12\/revisions\/56843"}],"wp:attachment":[{"href":"https:\/\/tierheim-moers.de\/Wordpress\/wp-json\/wp\/v2\/media?parent=12"}],"curies":[{"name":"wp","href":"https:\/\/api.w.org\/{rel}","templated":true}]}}