{"id":55344,"date":"2023-11-17T11:30:38","date_gmt":"2023-11-17T09:30:38","guid":{"rendered":"https:\/\/tierheim-moers.de\/Wordpress\/?page_id=55344"},"modified":"2026-02-06T18:29:59","modified_gmt":"2026-02-06T16:29:59","slug":"tierheimtiere-brauchen-paten","status":"publish","type":"page","link":"https:\/\/tierheim-moers.de\/Wordpress\/tierheimtiere-brauchen-paten\/","title":{"rendered":"Tierheimtiere brauchen Paten"},"content":{"rendered":"\n<p><\/p>\n\n\n\n<p><\/p>\n\n\n\n<p><\/p>\n\n\n\n<p><\/p>\n\n\n\n<p class=\"has-text-color has-large-font-size\" style=\"color:#b22323\"><strong>Unterst\u00fctzen Sie unsere Tiere <\/strong><\/p>\n\n\n\n<p class=\"has-text-color has-large-font-size\" style=\"color:#891515\"><strong>mit einer Patenschaft<\/strong><\/p>\n\n\n\n<p><\/p>\n\n\n\n<p><\/p>\n\n\n\n<p><\/p>\n\n\n\n<p><\/p>\n\n\n\n<p><\/p>\n\n\n\n<figure class=\"wp-block-gallery has-nested-images columns-default is-cropped wp-block-gallery-1 is-layout-flex wp-block-gallery-is-layout-flex\">\n<figure class=\"wp-block-image size-large\"><a href=\"https:\/\/tierheim-moers.de\/Wordpress\/wp-content\/uploads\/2023\/09\/20230918_163203.jpg\"><img fetchpriority=\"high\" decoding=\"async\" width=\"947\" height=\"1024\" data-id=\"55073\" src=\"https:\/\/tierheim-moers.de\/Wordpress\/wp-content\/uploads\/2023\/09\/20230918_163203-947x1024.jpg\" alt=\"\" class=\"wp-image-55073\" srcset=\"https:\/\/tierheim-moers.de\/Wordpress\/wp-content\/uploads\/2023\/09\/20230918_163203-947x1024.jpg 947w, https:\/\/tierheim-moers.de\/Wordpress\/wp-content\/uploads\/2023\/09\/20230918_163203-278x300.jpg 278w, https:\/\/tierheim-moers.de\/Wordpress\/wp-content\/uploads\/2023\/09\/20230918_163203-768x830.jpg 768w, https:\/\/tierheim-moers.de\/Wordpress\/wp-content\/uploads\/2023\/09\/20230918_163203-600x649.jpg 600w, https:\/\/tierheim-moers.de\/Wordpress\/wp-content\/uploads\/2023\/09\/20230918_163203-1421x1536.jpg 1421w, https:\/\/tierheim-moers.de\/Wordpress\/wp-content\/uploads\/2023\/09\/20230918_163203-1895x2048.jpg 1895w, https:\/\/tierheim-moers.de\/Wordpress\/wp-content\/uploads\/2023\/09\/20230918_163203-700x757.jpg 700w, https:\/\/tierheim-moers.de\/Wordpress\/wp-content\/uploads\/2023\/09\/20230918_163203-1320x1427.jpg 1320w\" sizes=\"(max-width: 947px) 100vw, 947px\" \/><\/a><figcaption class=\"wp-element-caption\">Hund<\/figcaption><\/figure>\n\n\n\n<figure class=\"wp-block-image size-large\"><a href=\"https:\/\/tierheim-moers.de\/Wordpress\/wp-content\/uploads\/2023\/09\/20230701_075802.jpg\"><img decoding=\"async\" width=\"1024\" height=\"977\" data-id=\"54866\" src=\"https:\/\/tierheim-moers.de\/Wordpress\/wp-content\/uploads\/2023\/09\/20230701_075802-1024x977.jpg\" alt=\"\" class=\"wp-image-54866\" srcset=\"https:\/\/tierheim-moers.de\/Wordpress\/wp-content\/uploads\/2023\/09\/20230701_075802-1024x977.jpg 1024w, https:\/\/tierheim-moers.de\/Wordpress\/wp-content\/uploads\/2023\/09\/20230701_075802-300x286.jpg 300w, https:\/\/tierheim-moers.de\/Wordpress\/wp-content\/uploads\/2023\/09\/20230701_075802-768x733.jpg 768w, https:\/\/tierheim-moers.de\/Wordpress\/wp-content\/uploads\/2023\/09\/20230701_075802-600x572.jpg 600w, https:\/\/tierheim-moers.de\/Wordpress\/wp-content\/uploads\/2023\/09\/20230701_075802-1536x1466.jpg 1536w, https:\/\/tierheim-moers.de\/Wordpress\/wp-content\/uploads\/2023\/09\/20230701_075802-2048x1954.jpg 2048w, https:\/\/tierheim-moers.de\/Wordpress\/wp-content\/uploads\/2023\/09\/20230701_075802-700x668.jpg 700w, https:\/\/tierheim-moers.de\/Wordpress\/wp-content\/uploads\/2023\/09\/20230701_075802-1320x1259.jpg 1320w\" sizes=\"(max-width: 1024px) 100vw, 1024px\" \/><\/a><figcaption class=\"wp-element-caption\">Katze<\/figcaption><\/figure>\n\n\n\n<figure class=\"wp-block-image size-large\"><a href=\"https:\/\/tierheim-moers.de\/Wordpress\/wp-content\/uploads\/2023\/08\/Helsinki2-scaled.jpg\"><img decoding=\"async\" width=\"1024\" height=\"677\" data-id=\"54666\" src=\"https:\/\/tierheim-moers.de\/Wordpress\/wp-content\/uploads\/2023\/08\/Helsinki2-1024x677.jpg\" alt=\"\" class=\"wp-image-54666\" srcset=\"https:\/\/tierheim-moers.de\/Wordpress\/wp-content\/uploads\/2023\/08\/Helsinki2-1024x677.jpg 1024w, https:\/\/tierheim-moers.de\/Wordpress\/wp-content\/uploads\/2023\/08\/Helsinki2-300x198.jpg 300w, https:\/\/tierheim-moers.de\/Wordpress\/wp-content\/uploads\/2023\/08\/Helsinki2-768x508.jpg 768w, https:\/\/tierheim-moers.de\/Wordpress\/wp-content\/uploads\/2023\/08\/Helsinki2-600x397.jpg 600w, https:\/\/tierheim-moers.de\/Wordpress\/wp-content\/uploads\/2023\/08\/Helsinki2-1536x1015.jpg 1536w, https:\/\/tierheim-moers.de\/Wordpress\/wp-content\/uploads\/2023\/08\/Helsinki2-2048x1354.jpg 2048w, https:\/\/tierheim-moers.de\/Wordpress\/wp-content\/uploads\/2023\/08\/Helsinki2-700x463.jpg 700w, https:\/\/tierheim-moers.de\/Wordpress\/wp-content\/uploads\/2023\/08\/Helsinki2-1320x873.jpg 1320w\" sizes=\"(max-width: 1024px) 100vw, 1024px\" \/><\/a><figcaption class=\"wp-element-caption\">Kleintier<\/figcaption><\/figure>\n<\/figure>\n\n\n\n<p><\/p>\n\n\n\n<p><\/p>\n\n\n\n<p><\/p>\n\n\n\n<p><\/p>\n\n\n\n<p><\/p>\n\n\n\n<p class=\"has-text-align-center\">Die Wege wie Sie dem Tierheim helfen k\u00f6nnen sind sehr vielf\u00e4ltig. Eine M\u00f6glichkeit ist die \u00dcbernahme einer Patenschaft. Diese gibt es schon ab 25,- \u20acuro pro Jahr \u2013 zweckgebunden f\u00fcr eine Tierart, oder gleich f\u00fcr ein Tierzimmer oder einen bestimmten Bereich.<\/p>\n\n\n\n<p class=\"has-text-align-center\">Patenschaften helfen uns die t\u00e4glich anfallenden Kosten f\u00fcr die Unterbringung, Versorgung und tier\u00e4rztliche Betreuung im Tierheim zu finanzieren.&nbsp;<\/p>\n\n\n\n<p class=\"has-text-align-center\"><strong>Patenschaften sind aber auch ideale Geschenke f\u00fcr Tierfreunde, die schon alles haben!<\/strong><\/p>\n\n\n\n<hr class=\"wp-block-separator has-alpha-channel-opacity\"\/>\n\n\n\n<p><\/p>\n\n\n\n<p><\/p>\n\n\n\n<p><\/p>\n\n\n\n<p><\/p>\n\n\n\n<p class=\"has-text-align-center has-background has-medium-font-size\" style=\"background-color:#671111\"><mark style=\"background-color:rgba(0, 0, 0, 0)\" class=\"has-inline-color has-white-color\">Mit diesen Patenschaften k\u00f6nnen Sie unseren Tieren helfen:<\/mark><\/p>\n\n\n\n<p><\/p>\n\n\n\n<p><\/p>\n\n\n\n<p><\/p>\n\n\n\n<p><\/p>\n\n\n\n<figure class=\"wp-block-table\"><table class=\"has-white-background-color has-background\"><tbody><tr><td class=\"has-text-align-center\" data-align=\"center\"><strong>Art der Patenschaft<\/strong><\/td><td class=\"has-text-align-center\" data-align=\"center\"><strong>Dauer<\/strong><\/td><td class=\"has-text-align-center\" data-align=\"center\"><strong>Patenschaftsbeitrag<\/strong><\/td><td class=\"has-text-align-center\" data-align=\"center\"><strong>Besonderheit<\/strong><\/td><\/tr><tr><td class=\"has-text-align-center\" data-align=\"center\">Tierheim-Geschenkpatenschaft<\/td><td class=\"has-text-align-center\" data-align=\"center\">1 Jahr ab Ausstellung<\/td><td class=\"has-text-align-center\" data-align=\"center\">ab 25,00 \u20ac<\/td><td class=\"has-text-align-center\" data-align=\"center\">Erlischt nach 1 Jahr<\/td><\/tr><tr><td class=\"has-text-align-center\" data-align=\"center\">Tierpatenschaft Hunde<\/td><td class=\"has-text-align-center\" data-align=\"center\">fortlaufend<\/td><td class=\"has-text-align-center\" data-align=\"center\">ab 100,00 \u20ac<\/td><td class=\"has-text-align-center\" data-align=\"center\">L\u00e4uft automatisch weiter, j\u00e4hrlich k\u00fcndbar<\/td><\/tr><tr><td class=\"has-text-align-center\" data-align=\"center\">Tierpatenschaft Katzen<\/td><td class=\"has-text-align-center\" data-align=\"center\">fortlaufend<\/td><td class=\"has-text-align-center\" data-align=\"center\">ab 80,00 \u20ac<\/td><td class=\"has-text-align-center\" data-align=\"center\">L\u00e4uft automatisch weiter, j\u00e4hrlich k\u00fcndbar<\/td><\/tr><tr><td class=\"has-text-align-center\" data-align=\"center\">Tierpatenschaft Kleintiere<\/td><td class=\"has-text-align-center\" data-align=\"center\">fortlaufend<\/td><td class=\"has-text-align-center\" data-align=\"center\">ab 60,00 \u20ac<\/td><td class=\"has-text-align-center\" data-align=\"center\">L\u00e4uft automatisch weiter, j\u00e4hrlich k\u00fcndbar<\/td><\/tr><tr><td class=\"has-text-align-center\" data-align=\"center\">Medizinpatenschaft<\/td><td class=\"has-text-align-center\" data-align=\"center\">fortlaufend<\/td><td class=\"has-text-align-center\" data-align=\"center\">ab 30,00 \u20ac<\/td><td class=\"has-text-align-center\" data-align=\"center\">L\u00e4uft automatisch weiter, j\u00e4hrlich k\u00fcndbar<\/td><\/tr><tr><td class=\"has-text-align-center\" data-align=\"center\">Patenschaft &#8220;Rote Hunde&#8221;<\/td><td class=\"has-text-align-center\" data-align=\"center\">fortlaufend<\/td><td class=\"has-text-align-center\" data-align=\"center\">ab 120,00 \u20ac<\/td><td class=\"has-text-align-center\" data-align=\"center\">L\u00e4uft automatisch weiter, j\u00e4hrlich k\u00fcndbar<\/td><\/tr><\/tbody><\/table><\/figure>\n\n\n\n<p><\/p>\n\n\n\n<p><\/p>\n\n\n\n<p><\/p>\n\n\n\n<p>Hier finden Sie unseren <a href=\"https:\/\/tierheim-moers.de\/Wordpress\/wp-content\/uploads\/2026\/02\/Patenschaftsantrag2025.pdf\" target=\"_blank\" rel=\"noreferrer noopener\">Patenschaftsantrag<\/a><\/p>\n\n\n\n<p><\/p>\n\n\n\n<p><\/p>\n\n\n\n<p><\/p>\n\n\n\n<p>Drucken Sie unseren Patenschaftsantrag aus und schicken ihn per Mail oder Post an uns zur\u00fcck.<\/p>\n\n\n\n<p><\/p>\n\n\n\n<p><\/p>\n\n\n\n<p><\/p>\n\n\n\n<p><\/p>\n\n\n\n<p>Mit einer Patenschaft f\u00fcr unsere &#8220;Roten Hunde&#8221; unterst\u00fctzen Sie Hunde, die durch Aggressionsverhalten oder Beissvorf\u00e4lle schlechtere Chancen auf eine Vermittlung haben und durch l\u00e4ngeren Aufenthalt im Tierheim, erh\u00f6hten Trainingsbedarf und medizinische Versorgung eine finanzielle Belastung f\u00fcr ein Tierheim darstellen.<\/p>\n\n\n\n<p><\/p>\n\n\n\n<p><\/p>\n\n\n\n<p><mark style=\"background-color:#ff6900\" class=\"has-inline-color has-black-color\">Was bekomme ich als Pate?<\/mark><\/p>\n\n\n\n<ul class=\"wp-block-list\">\n<li>Eine Patenschaftsurkunde mit Foto <\/li>\n\n\n\n<li>Spenden und Patenschaftsbeitr\u00e4ge sind steuerlich absetzbar!<\/li>\n\n\n\n<li>Eine exklusive Tierheimf\u00fchrung (Termin wird durchs TH festgelegt)<\/li>\n<\/ul>\n\n\n\n<p><\/p>\n\n\n\n<p><\/p>\n\n\n\n<p><em><mark style=\"background-color:rgba(0, 0, 0, 0)\" class=\"has-inline-color has-luminous-vivid-orange-color\"><strong>\u2026und nat\u00fcrlich das tolle Gef\u00fchl einem <\/strong><\/mark><\/em><strong><mark style=\"background-color:rgba(0, 0, 0, 0)\" class=\"has-inline-color has-luminous-vivid-orange-color\"><em>Tierheimtier auf dem Weg in ein neues Zuhause zu helfen.<\/em><\/mark><\/strong><\/p>\n<div class=\"shariff shariff-align-flex-start shariff-widget-align-center\" data-url=\"https%3A%2F%2Ftierheim-moers.de%2FWordpress%2Ftierheimtiere-brauchen-paten%2F\" data-timestamp=\"1770402599\" data-hidezero=\"1\" data-backendurl=\"https:\/\/tierheim-moers.de\/Wordpress\/wp-json\/shariff\/v1\/share_counts?\"><ul class=\"shariff-buttons theme-round orientation-horizontal buttonsize-small\"><li class=\"shariff-button facebook shariff-nocustomcolor\" style=\"background-color:#4273c8\"><a href=\"https:\/\/www.facebook.com\/sharer\/sharer.php?u=https%3A%2F%2Ftierheim-moers.de%2FWordpress%2Ftierheimtiere-brauchen-paten%2F\" title=\"Bei Facebook teilen\" aria-label=\"Bei Facebook teilen\" role=\"button\" rel=\"nofollow\" class=\"shariff-link\" style=\"; background-color:#3b5998; color:#fff\" target=\"_blank\"><span class=\"shariff-icon\" style=\"\"><svg width=\"32px\" height=\"20px\" xmlns=\"http:\/\/www.w3.org\/2000\/svg\" viewBox=\"0 0 18 32\"><path fill=\"#3b5998\" d=\"M17.1 0.2v4.7h-2.8q-1.5 0-2.1 0.6t-0.5 1.9v3.4h5.2l-0.7 5.3h-4.5v13.6h-5.5v-13.6h-4.5v-5.3h4.5v-3.9q0-3.3 1.9-5.2t5-1.8q2.6 0 4.1 0.2z\"\/><\/svg><\/span><\/a><\/li><li class=\"shariff-button twitter shariff-nocustomcolor\" style=\"background-color:#595959\"><a href=\"https:\/\/twitter.com\/share?url=https%3A%2F%2Ftierheim-moers.de%2FWordpress%2Ftierheimtiere-brauchen-paten%2F&text=Tierheimtiere%20brauchen%20Paten\" title=\"Bei X teilen\" aria-label=\"Bei X teilen\" role=\"button\" rel=\"noopener nofollow\" class=\"shariff-link\" style=\"; background-color:#000; color:#fff\" target=\"_blank\"><span class=\"shariff-icon\" style=\"\"><svg width=\"32px\" height=\"20px\" xmlns=\"http:\/\/www.w3.org\/2000\/svg\" viewBox=\"0 0 24 24\"><path fill=\"#000\" d=\"M14.258 10.152L23.176 0h-2.113l-7.747 8.813L7.133 0H0l9.352 13.328L0 23.973h2.113l8.176-9.309 6.531 9.309h7.133zm-2.895 3.293l-.949-1.328L2.875 1.56h3.246l6.086 8.523.945 1.328 7.91 11.078h-3.246zm0 0\"\/><\/svg><\/span><\/a><\/li><li class=\"shariff-button whatsapp shariff-nocustomcolor\" style=\"background-color:#5cbe4a\"><a href=\"https:\/\/api.whatsapp.com\/send?text=https%3A%2F%2Ftierheim-moers.de%2FWordpress%2Ftierheimtiere-brauchen-paten%2F%20Tierheimtiere%20brauchen%20Paten\" title=\"Bei Whatsapp teilen\" aria-label=\"Bei Whatsapp teilen\" role=\"button\" rel=\"noopener nofollow\" class=\"shariff-link\" style=\"; background-color:#34af23; color:#fff\" target=\"_blank\"><span class=\"shariff-icon\" style=\"\"><svg width=\"32px\" height=\"20px\" xmlns=\"http:\/\/www.w3.org\/2000\/svg\" viewBox=\"0 0 32 32\"><path fill=\"#34af23\" d=\"M17.6 17.4q0.2 0 1.7 0.8t1.6 0.9q0 0.1 0 0.3 0 0.6-0.3 1.4-0.3 0.7-1.3 1.2t-1.8 0.5q-1 0-3.4-1.1-1.7-0.8-3-2.1t-2.6-3.3q-1.3-1.9-1.3-3.5v-0.1q0.1-1.6 1.3-2.8 0.4-0.4 0.9-0.4 0.1 0 0.3 0t0.3 0q0.3 0 0.5 0.1t0.3 0.5q0.1 0.4 0.6 1.6t0.4 1.3q0 0.4-0.6 1t-0.6 0.8q0 0.1 0.1 0.3 0.6 1.3 1.8 2.4 1 0.9 2.7 1.8 0.2 0.1 0.4 0.1 0.3 0 1-0.9t0.9-0.9zM14 26.9q2.3 0 4.3-0.9t3.6-2.4 2.4-3.6 0.9-4.3-0.9-4.3-2.4-3.6-3.6-2.4-4.3-0.9-4.3 0.9-3.6 2.4-2.4 3.6-0.9 4.3q0 3.6 2.1 6.6l-1.4 4.2 4.3-1.4q2.8 1.9 6.2 1.9zM14 2.2q2.7 0 5.2 1.1t4.3 2.9 2.9 4.3 1.1 5.2-1.1 5.2-2.9 4.3-4.3 2.9-5.2 1.1q-3.5 0-6.5-1.7l-7.4 2.4 2.4-7.2q-1.9-3.2-1.9-6.9 0-2.7 1.1-5.2t2.9-4.3 4.3-2.9 5.2-1.1z\"\/><\/svg><\/span><\/a><\/li><li class=\"shariff-button sms shariff-nocustomcolor shariff-mobile\" style=\"background-color:#d7d9d8\"><a href=\"sms:?&body=https%3A%2F%2Ftierheim-moers.de%2FWordpress%2Ftierheimtiere-brauchen-paten%2F\" title=\"Per SMS teilen\" aria-label=\"Per SMS teilen\" role=\"button\" rel=\"noopener nofollow\" class=\"shariff-link\" style=\"; background-color:#a1e877; color:#fff\" target=\"_blank\"><span class=\"shariff-icon\" style=\"\"><svg xmlns=\"http:\/\/www.w3.org\/2000\/svg\" width=\"510\" height=\"510\" viewBox=\"0 0 510 510\"><path fill=\"#a1e877\" d=\"M459 0H51C23 0 0 23 0 51v459l102-102h357c28.1 0 51-22.9 51-51V51C510 23 487.1 0 459 0zM178.5 229.5h-51v-51h51V229.5zM280.5 229.5h-51v-51h51V229.5zM382.5 229.5h-51v-51h51V229.5z\"\/><\/svg><\/span><\/a><\/li><\/ul><\/div>","protected":false},"excerpt":{"rendered":"<p>Unterst\u00fctzen Sie unsere Tiere mit einer Patenschaft Die Wege wie Sie dem Tierheim helfen k\u00f6nnen sind sehr vielf\u00e4ltig. Eine M\u00f6glichkeit ist die \u00dcbernahme einer Patenschaft. Diese gibt es schon ab 25,- \u20acuro pro Jahr \u2013 zweckgebunden f\u00fcr eine Tierart, oder gleich f\u00fcr ein Tierzimmer oder einen bestimmten Bereich. Patenschaften helfen &#8230;<\/p>\n","protected":false},"author":7,"featured_media":0,"parent":0,"menu_order":0,"comment_status":"closed","ping_status":"closed","template":"","meta":{"ngg_post_thumbnail":0,"footnotes":""},"class_list":["post-55344","page","type-page","status-publish","hentry","column","threecol"],"yoast_head":"<!-- This site is optimized with the Yoast SEO plugin v24.6 - https:\/\/yoast.com\/wordpress\/plugins\/seo\/ -->\n<title>Tierheimtiere brauchen Paten | TIERHEIM MOERS<\/title>\n<meta name=\"robots\" content=\"index, follow, max-snippet:-1, max-image-preview:large, max-video-preview:-1\" \/>\n<link rel=\"canonical\" href=\"https:\/\/tierheim-moers.de\/Wordpress\/tierheimtiere-brauchen-paten\/\" \/>\n<meta property=\"og:locale\" content=\"de_DE\" \/>\n<meta property=\"og:type\" content=\"article\" \/>\n<meta property=\"og:title\" content=\"Tierheimtiere brauchen Paten | TIERHEIM MOERS\" \/>\n<meta property=\"og:description\" content=\"Unterst\u00fctzen Sie unsere Tiere mit einer Patenschaft Die Wege wie Sie dem Tierheim helfen k\u00f6nnen sind sehr vielf\u00e4ltig. Eine M\u00f6glichkeit ist die &#8230;\" \/>\n<meta property=\"og:url\" content=\"https:\/\/tierheim-moers.de\/Wordpress\/tierheimtiere-brauchen-paten\/\" \/>\n<meta property=\"og:site_name\" content=\"TIERHEIM MOERS\" \/>\n<meta property=\"article:publisher\" content=\"https:\/\/de-de.facebook.com\/moers.tierheim\" \/>\n<meta property=\"article:modified_time\" content=\"2026-02-06T16:29:59+00:00\" \/>\n<meta property=\"og:image\" content=\"https:\/\/tierheim-moers.de\/Wordpress\/wp-content\/uploads\/2023\/09\/20230918_163203.jpg\" \/>\n\t<meta property=\"og:image:width\" content=\"2324\" \/>\n\t<meta property=\"og:image:height\" content=\"2512\" \/>\n\t<meta property=\"og:image:type\" content=\"image\/jpeg\" \/>\n<meta name=\"twitter:card\" content=\"summary_large_image\" \/>\n<meta name=\"twitter:label1\" content=\"Gesch\u00e4tzte Lesezeit\" \/>\n\t<meta name=\"twitter:data1\" content=\"3\u00a0Minuten\" \/>\n<script type=\"application\/ld+json\" class=\"yoast-schema-graph\">{\"@context\":\"https:\/\/schema.org\",\"@graph\":[{\"@type\":\"WebPage\",\"@id\":\"https:\/\/tierheim-moers.de\/Wordpress\/tierheimtiere-brauchen-paten\/\",\"url\":\"https:\/\/tierheim-moers.de\/Wordpress\/tierheimtiere-brauchen-paten\/\",\"name\":\"Tierheimtiere brauchen Paten | TIERHEIM MOERS\",\"isPartOf\":{\"@id\":\"https:\/\/tierheim-moers.de\/Wordpress\/#website\"},\"primaryImageOfPage\":{\"@id\":\"https:\/\/tierheim-moers.de\/Wordpress\/tierheimtiere-brauchen-paten\/#primaryimage\"},\"image\":{\"@id\":\"https:\/\/tierheim-moers.de\/Wordpress\/tierheimtiere-brauchen-paten\/#primaryimage\"},\"thumbnailUrl\":\"https:\/\/tierheim-moers.de\/Wordpress\/wp-content\/uploads\/2023\/09\/20230918_163203-947x1024.jpg\",\"datePublished\":\"2023-11-17T09:30:38+00:00\",\"dateModified\":\"2026-02-06T16:29:59+00:00\",\"breadcrumb\":{\"@id\":\"https:\/\/tierheim-moers.de\/Wordpress\/tierheimtiere-brauchen-paten\/#breadcrumb\"},\"inLanguage\":\"de\",\"potentialAction\":[{\"@type\":\"ReadAction\",\"target\":[\"https:\/\/tierheim-moers.de\/Wordpress\/tierheimtiere-brauchen-paten\/\"]}]},{\"@type\":\"ImageObject\",\"inLanguage\":\"de\",\"@id\":\"https:\/\/tierheim-moers.de\/Wordpress\/tierheimtiere-brauchen-paten\/#primaryimage\",\"url\":\"https:\/\/tierheim-moers.de\/Wordpress\/wp-content\/uploads\/2023\/09\/20230918_163203.jpg\",\"contentUrl\":\"https:\/\/tierheim-moers.de\/Wordpress\/wp-content\/uploads\/2023\/09\/20230918_163203.jpg\",\"width\":2324,\"height\":2512,\"caption\":\"Hund\"},{\"@type\":\"BreadcrumbList\",\"@id\":\"https:\/\/tierheim-moers.de\/Wordpress\/tierheimtiere-brauchen-paten\/#breadcrumb\",\"itemListElement\":[{\"@type\":\"ListItem\",\"position\":1,\"name\":\"Startseite\",\"item\":\"https:\/\/tierheim-moers.de\/Wordpress\/\"},{\"@type\":\"ListItem\",\"position\":2,\"name\":\"Tierheimtiere brauchen Paten\"}]},{\"@type\":\"WebSite\",\"@id\":\"https:\/\/tierheim-moers.de\/Wordpress\/#website\",\"url\":\"https:\/\/tierheim-moers.de\/Wordpress\/\",\"name\":\"Tierheim Moers\",\"description\":\"Tierheim | Hundepension | Tierschutz | Moers\",\"publisher\":{\"@id\":\"https:\/\/tierheim-moers.de\/Wordpress\/#organization\"},\"potentialAction\":[{\"@type\":\"SearchAction\",\"target\":{\"@type\":\"EntryPoint\",\"urlTemplate\":\"https:\/\/tierheim-moers.de\/Wordpress\/?s={search_term_string}\"},\"query-input\":{\"@type\":\"PropertyValueSpecification\",\"valueRequired\":true,\"valueName\":\"search_term_string\"}}],\"inLanguage\":\"de\"},{\"@type\":\"Organization\",\"@id\":\"https:\/\/tierheim-moers.de\/Wordpress\/#organization\",\"name\":\"Tierheim Moers\",\"url\":\"https:\/\/tierheim-moers.de\/Wordpress\/\",\"logo\":{\"@type\":\"ImageObject\",\"inLanguage\":\"de\",\"@id\":\"https:\/\/tierheim-moers.de\/Wordpress\/#\/schema\/logo\/image\/\",\"url\":\"https:\/\/tierheim-moers.de\/Wordpress\/wp-content\/uploads\/2014\/04\/Logo-TSV-Moers-V01-RGB-300.png\",\"contentUrl\":\"https:\/\/tierheim-moers.de\/Wordpress\/wp-content\/uploads\/2014\/04\/Logo-TSV-Moers-V01-RGB-300.png\",\"width\":1052,\"height\":1038,\"caption\":\"Tierheim Moers\"},\"image\":{\"@id\":\"https:\/\/tierheim-moers.de\/Wordpress\/#\/schema\/logo\/image\/\"},\"sameAs\":[\"https:\/\/de-de.facebook.com\/moers.tierheim\"]}]}<\/script>\n<!-- \/ Yoast SEO plugin. -->","yoast_head_json":{"title":"Tierheimtiere brauchen Paten | TIERHEIM MOERS","robots":{"index":"index","follow":"follow","max-snippet":"max-snippet:-1","max-image-preview":"max-image-preview:large","max-video-preview":"max-video-preview:-1"},"canonical":"https:\/\/tierheim-moers.de\/Wordpress\/tierheimtiere-brauchen-paten\/","og_locale":"de_DE","og_type":"article","og_title":"Tierheimtiere brauchen Paten | TIERHEIM MOERS","og_description":"Unterst\u00fctzen Sie unsere Tiere mit einer Patenschaft Die Wege wie Sie dem Tierheim helfen k\u00f6nnen sind sehr vielf\u00e4ltig. Eine M\u00f6glichkeit ist die &#8230;","og_url":"https:\/\/tierheim-moers.de\/Wordpress\/tierheimtiere-brauchen-paten\/","og_site_name":"TIERHEIM MOERS","article_publisher":"https:\/\/de-de.facebook.com\/moers.tierheim","article_modified_time":"2026-02-06T16:29:59+00:00","og_image":[{"width":2324,"height":2512,"url":"https:\/\/tierheim-moers.de\/Wordpress\/wp-content\/uploads\/2023\/09\/20230918_163203.jpg","type":"image\/jpeg"}],"twitter_card":"summary_large_image","twitter_misc":{"Gesch\u00e4tzte Lesezeit":"3\u00a0Minuten"},"schema":{"@context":"https:\/\/schema.org","@graph":[{"@type":"WebPage","@id":"https:\/\/tierheim-moers.de\/Wordpress\/tierheimtiere-brauchen-paten\/","url":"https:\/\/tierheim-moers.de\/Wordpress\/tierheimtiere-brauchen-paten\/","name":"Tierheimtiere brauchen Paten | TIERHEIM MOERS","isPartOf":{"@id":"https:\/\/tierheim-moers.de\/Wordpress\/#website"},"primaryImageOfPage":{"@id":"https:\/\/tierheim-moers.de\/Wordpress\/tierheimtiere-brauchen-paten\/#primaryimage"},"image":{"@id":"https:\/\/tierheim-moers.de\/Wordpress\/tierheimtiere-brauchen-paten\/#primaryimage"},"thumbnailUrl":"https:\/\/tierheim-moers.de\/Wordpress\/wp-content\/uploads\/2023\/09\/20230918_163203-947x1024.jpg","datePublished":"2023-11-17T09:30:38+00:00","dateModified":"2026-02-06T16:29:59+00:00","breadcrumb":{"@id":"https:\/\/tierheim-moers.de\/Wordpress\/tierheimtiere-brauchen-paten\/#breadcrumb"},"inLanguage":"de","potentialAction":[{"@type":"ReadAction","target":["https:\/\/tierheim-moers.de\/Wordpress\/tierheimtiere-brauchen-paten\/"]}]},{"@type":"ImageObject","inLanguage":"de","@id":"https:\/\/tierheim-moers.de\/Wordpress\/tierheimtiere-brauchen-paten\/#primaryimage","url":"https:\/\/tierheim-moers.de\/Wordpress\/wp-content\/uploads\/2023\/09\/20230918_163203.jpg","contentUrl":"https:\/\/tierheim-moers.de\/Wordpress\/wp-content\/uploads\/2023\/09\/20230918_163203.jpg","width":2324,"height":2512,"caption":"Hund"},{"@type":"BreadcrumbList","@id":"https:\/\/tierheim-moers.de\/Wordpress\/tierheimtiere-brauchen-paten\/#breadcrumb","itemListElement":[{"@type":"ListItem","position":1,"name":"Startseite","item":"https:\/\/tierheim-moers.de\/Wordpress\/"},{"@type":"ListItem","position":2,"name":"Tierheimtiere brauchen Paten"}]},{"@type":"WebSite","@id":"https:\/\/tierheim-moers.de\/Wordpress\/#website","url":"https:\/\/tierheim-moers.de\/Wordpress\/","name":"Tierheim Moers","description":"Tierheim | Hundepension | Tierschutz | Moers","publisher":{"@id":"https:\/\/tierheim-moers.de\/Wordpress\/#organization"},"potentialAction":[{"@type":"SearchAction","target":{"@type":"EntryPoint","urlTemplate":"https:\/\/tierheim-moers.de\/Wordpress\/?s={search_term_string}"},"query-input":{"@type":"PropertyValueSpecification","valueRequired":true,"valueName":"search_term_string"}}],"inLanguage":"de"},{"@type":"Organization","@id":"https:\/\/tierheim-moers.de\/Wordpress\/#organization","name":"Tierheim Moers","url":"https:\/\/tierheim-moers.de\/Wordpress\/","logo":{"@type":"ImageObject","inLanguage":"de","@id":"https:\/\/tierheim-moers.de\/Wordpress\/#\/schema\/logo\/image\/","url":"https:\/\/tierheim-moers.de\/Wordpress\/wp-content\/uploads\/2014\/04\/Logo-TSV-Moers-V01-RGB-300.png","contentUrl":"https:\/\/tierheim-moers.de\/Wordpress\/wp-content\/uploads\/2014\/04\/Logo-TSV-Moers-V01-RGB-300.png","width":1052,"height":1038,"caption":"Tierheim Moers"},"image":{"@id":"https:\/\/tierheim-moers.de\/Wordpress\/#\/schema\/logo\/image\/"},"sameAs":["https:\/\/de-de.facebook.com\/moers.tierheim"]}]}},"_links":{"self":[{"href":"https:\/\/tierheim-moers.de\/Wordpress\/wp-json\/wp\/v2\/pages\/55344","targetHints":{"allow":["GET"]}}],"collection":[{"href":"https:\/\/tierheim-moers.de\/Wordpress\/wp-json\/wp\/v2\/pages"}],"about":[{"href":"https:\/\/tierheim-moers.de\/Wordpress\/wp-json\/wp\/v2\/types\/page"}],"author":[{"embeddable":true,"href":"https:\/\/tierheim-moers.de\/Wordpress\/wp-json\/wp\/v2\/users\/7"}],"replies":[{"embeddable":true,"href":"https:\/\/tierheim-moers.de\/Wordpress\/wp-json\/wp\/v2\/comments?post=55344"}],"version-history":[{"count":19,"href":"https:\/\/tierheim-moers.de\/Wordpress\/wp-json\/wp\/v2\/pages\/55344\/revisions"}],"predecessor-version":[{"id":62979,"href":"https:\/\/tierheim-moers.de\/Wordpress\/wp-json\/wp\/v2\/pages\/55344\/revisions\/62979"}],"wp:attachment":[{"href":"https:\/\/tierheim-moers.de\/Wordpress\/wp-json\/wp\/v2\/media?parent=55344"}],"curies":[{"name":"wp","href":"https:\/\/api.w.org\/{rel}","templated":true}]}}