{"id":62227,"date":"2025-11-28T12:13:42","date_gmt":"2025-11-28T10:13:42","guid":{"rendered":"https:\/\/tierheim-moers.de\/Wordpress\/?page_id=62227"},"modified":"2025-11-28T15:11:43","modified_gmt":"2025-11-28T13:11:43","slug":"spenden-2","status":"publish","type":"page","link":"https:\/\/tierheim-moers.de\/Wordpress\/helfen\/spenden-2\/","title":{"rendered":"Spenden"},"content":{"rendered":"\n<div style=\"height:82px\" aria-hidden=\"true\" class=\"wp-block-spacer\"><\/div>\n\n\n\n<p><em><strong>&#8220;Ohne Moos, nix los!&#8221; &#8211; das gilt nat\u00fcrlich auch bei uns im Tierheim-Betrieb.<\/strong><\/em><\/p>\n\n\n\n<p>Jeden Tag im Jahr kostet der Betrieb des Tierheims mit allem drum und dran rund 1.260,00 Euro, unterm Strich ca. 460.000 Euro im Jahr. Die m\u00fcssen erst mal eingenommen werden, bevor wir sie f\u00fcr unsere Sch\u00fctzlinge wieder ausgeben k\u00f6nnen.<\/p>\n\n\n\n<p>Aus diesem Grund bitten wir Sie um eine Spende. Bitte geben Sie Namen und Adresse bei der \u00dcberweisung an, damit wir Ihnen eine Spendenquittung zur Vorlage beim Finanzamt zukommen lassen k\u00f6nnen &#8211; Spenden an unser Tierheim sind n\u00e4mlich steuerlich absetzbar!<\/p>\n\n\n\n<p><strong>Die Zuwendungsbest\u00e4tigungen werden immer im ersten Quartal des Folgejahres f\u00fcr das vergangene Jahr zugeschickt.<\/strong><\/p>\n\n\n\n<p>Ab einem Jahresspendenbetrag von 300 Euro erfolgt die Zusendung automatisch. W\u00fcnschen Sie eine Spendenquittung f\u00fcr Jahresspendenbetr\u00e4ge unter 300 Euro, kontaktieren Sie uns bitte &#8211; wir stellen Ihnen dann gerne eine Spendenquittung aus.<\/p>\n\n\n\n<div style=\"height:64px\" aria-hidden=\"true\" class=\"wp-block-spacer\"><\/div>\n\n\n\n<figure class=\"wp-block-image size-large is-resized\"><a href=\"https:\/\/tierheim-moers.de\/Wordpress\/wp-content\/uploads\/2025\/10\/Taylor10.jpg\"><img fetchpriority=\"high\" decoding=\"async\" width=\"1016\" height=\"1024\" src=\"https:\/\/tierheim-moers.de\/Wordpress\/wp-content\/uploads\/2025\/10\/Taylor10-1016x1024.jpg\" alt=\"\" class=\"wp-image-61807\" style=\"width:485px;height:auto\" srcset=\"https:\/\/tierheim-moers.de\/Wordpress\/wp-content\/uploads\/2025\/10\/Taylor10-1016x1024.jpg 1016w, https:\/\/tierheim-moers.de\/Wordpress\/wp-content\/uploads\/2025\/10\/Taylor10-298x300.jpg 298w, https:\/\/tierheim-moers.de\/Wordpress\/wp-content\/uploads\/2025\/10\/Taylor10-150x150.jpg 150w, https:\/\/tierheim-moers.de\/Wordpress\/wp-content\/uploads\/2025\/10\/Taylor10-768x774.jpg 768w, https:\/\/tierheim-moers.de\/Wordpress\/wp-content\/uploads\/2025\/10\/Taylor10-1524x1536.jpg 1524w, https:\/\/tierheim-moers.de\/Wordpress\/wp-content\/uploads\/2025\/10\/Taylor10-700x706.jpg 700w, https:\/\/tierheim-moers.de\/Wordpress\/wp-content\/uploads\/2025\/10\/Taylor10-1320x1330.jpg 1320w, https:\/\/tierheim-moers.de\/Wordpress\/wp-content\/uploads\/2025\/10\/Taylor10-45x45.jpg 45w, https:\/\/tierheim-moers.de\/Wordpress\/wp-content\/uploads\/2025\/10\/Taylor10.jpg 2032w\" sizes=\"(max-width: 1016px) 100vw, 1016px\" \/><\/a><\/figure>\n\n\n\n<div style=\"height:77px\" aria-hidden=\"true\" class=\"wp-block-spacer\"><\/div>\n\n\n\n<p>Bedingt durch die Empf\u00e4ngerpr\u00fcfung, die Kreditinstitute seit Oktober 2025 durchf\u00fchren m\u00fcssen, ist die genaue Bezeichnung des Empf\u00e4ngers bei \u00dcberweisungen sehr wichtig.<\/p>\n\n\n\n<p>F\u00fcr all unsere Konten lautet der Empf\u00e4nger:<\/p>\n\n\n\n<p>Tierschutzverein Moers und Umgebung e. V.<\/p>\n\n\n\n<p>Sparkasse am Niederrhein<br>IBAN: DE93 354 500 001 120 005 986<br>BIC: WELADED1MOR<\/p>\n\n\n\n<p>Volksbank Niederrhein e.G.<a href=\"http:\/\/www.volksbank-niederrhein.de\"><br><\/a>IBAN: DE81 354 611 067 217 092 013<br>BIC: GENODED1NRH<\/p>\n\n\n\n<p><strong>Spendenkonto f\u00fcr den &#8220;Tierschutz-Euro&#8221;<\/strong><\/p>\n\n\n\n<p>Volksband Niederrhein e.G.<\/p>\n\n\n\n<p>IBAN: DE10 35461106 7217092030<\/p>\n\n\n\n<p>BIC: GENODED1NRH<\/p>\n\n\n\n<div style=\"height:67px\" aria-hidden=\"true\" class=\"wp-block-spacer\"><\/div>\n\n\n\n<p><strong>Spenden per Paypal<\/strong><\/p>\n\n\n\n<p>Empf\u00e4nger-Email: info@tierheim-moers.de<\/p>\n\n\n\n<div style=\"height:87px\" aria-hidden=\"true\" class=\"wp-block-spacer\"><\/div>\n\n\n\n<p>N\u00e4pfe, Halsb\u00e4nder, Leinen und noch viel mehr brauchen wir im Tierheimalltag. Jeden Monat brauchen wir etwa 60 Rollen K\u00fcchenpapier, 40 Kilo Waschpulver und etwa 1.200 Hygiene-\u00dcberschuhe in unserem Katzenhaus. Dazu kommen noch spezielle Desinfektions- und Reinigungmittel, aber auch immer mal wieder einen Sack Zement, M\u00f6rtel oder ein paar Quadratmeter Fliesen.&nbsp;<\/p>\n\n\n\n<p>Ein paar unserer h\u00e4ufigsten W\u00fcnsche finden Sie auf unserem<strong><a href=\"https:\/\/www.amazon.de\/gp\/registry\/wishlist\/2IL8IC3GY1O7U?\" target=\"_blank\" rel=\"noreferrer noopener\"> Amazon-Wunschzettel<\/a><\/strong><\/p>\n\n\n\n<p><\/p>\n<div class=\"shariff shariff-align-flex-start shariff-widget-align-center\" data-url=\"https%3A%2F%2Ftierheim-moers.de%2FWordpress%2Fhelfen%2Fspenden-2%2F\" data-timestamp=\"1764342703\" data-hidezero=\"1\" data-backendurl=\"https:\/\/tierheim-moers.de\/Wordpress\/wp-json\/shariff\/v1\/share_counts?\"><ul class=\"shariff-buttons theme-round orientation-horizontal buttonsize-small\"><li class=\"shariff-button facebook shariff-nocustomcolor\" style=\"background-color:#4273c8\"><a href=\"https:\/\/www.facebook.com\/sharer\/sharer.php?u=https%3A%2F%2Ftierheim-moers.de%2FWordpress%2Fhelfen%2Fspenden-2%2F\" title=\"Bei Facebook teilen\" aria-label=\"Bei Facebook teilen\" role=\"button\" rel=\"nofollow\" class=\"shariff-link\" style=\"; background-color:#3b5998; color:#fff\" target=\"_blank\"><span class=\"shariff-icon\" style=\"\"><svg width=\"32px\" height=\"20px\" xmlns=\"http:\/\/www.w3.org\/2000\/svg\" viewBox=\"0 0 18 32\"><path fill=\"#3b5998\" d=\"M17.1 0.2v4.7h-2.8q-1.5 0-2.1 0.6t-0.5 1.9v3.4h5.2l-0.7 5.3h-4.5v13.6h-5.5v-13.6h-4.5v-5.3h4.5v-3.9q0-3.3 1.9-5.2t5-1.8q2.6 0 4.1 0.2z\"\/><\/svg><\/span><\/a><\/li><li class=\"shariff-button twitter shariff-nocustomcolor\" style=\"background-color:#595959\"><a href=\"https:\/\/twitter.com\/share?url=https%3A%2F%2Ftierheim-moers.de%2FWordpress%2Fhelfen%2Fspenden-2%2F&text=Spenden\" title=\"Bei X teilen\" aria-label=\"Bei X teilen\" role=\"button\" rel=\"noopener nofollow\" class=\"shariff-link\" style=\"; background-color:#000; color:#fff\" target=\"_blank\"><span class=\"shariff-icon\" style=\"\"><svg width=\"32px\" height=\"20px\" xmlns=\"http:\/\/www.w3.org\/2000\/svg\" viewBox=\"0 0 24 24\"><path fill=\"#000\" d=\"M14.258 10.152L23.176 0h-2.113l-7.747 8.813L7.133 0H0l9.352 13.328L0 23.973h2.113l8.176-9.309 6.531 9.309h7.133zm-2.895 3.293l-.949-1.328L2.875 1.56h3.246l6.086 8.523.945 1.328 7.91 11.078h-3.246zm0 0\"\/><\/svg><\/span><\/a><\/li><li class=\"shariff-button whatsapp shariff-nocustomcolor\" style=\"background-color:#5cbe4a\"><a href=\"https:\/\/api.whatsapp.com\/send?text=https%3A%2F%2Ftierheim-moers.de%2FWordpress%2Fhelfen%2Fspenden-2%2F%20Spenden\" title=\"Bei Whatsapp teilen\" aria-label=\"Bei Whatsapp teilen\" role=\"button\" rel=\"noopener nofollow\" class=\"shariff-link\" style=\"; background-color:#34af23; color:#fff\" target=\"_blank\"><span class=\"shariff-icon\" style=\"\"><svg width=\"32px\" height=\"20px\" xmlns=\"http:\/\/www.w3.org\/2000\/svg\" viewBox=\"0 0 32 32\"><path fill=\"#34af23\" d=\"M17.6 17.4q0.2 0 1.7 0.8t1.6 0.9q0 0.1 0 0.3 0 0.6-0.3 1.4-0.3 0.7-1.3 1.2t-1.8 0.5q-1 0-3.4-1.1-1.7-0.8-3-2.1t-2.6-3.3q-1.3-1.9-1.3-3.5v-0.1q0.1-1.6 1.3-2.8 0.4-0.4 0.9-0.4 0.1 0 0.3 0t0.3 0q0.3 0 0.5 0.1t0.3 0.5q0.1 0.4 0.6 1.6t0.4 1.3q0 0.4-0.6 1t-0.6 0.8q0 0.1 0.1 0.3 0.6 1.3 1.8 2.4 1 0.9 2.7 1.8 0.2 0.1 0.4 0.1 0.3 0 1-0.9t0.9-0.9zM14 26.9q2.3 0 4.3-0.9t3.6-2.4 2.4-3.6 0.9-4.3-0.9-4.3-2.4-3.6-3.6-2.4-4.3-0.9-4.3 0.9-3.6 2.4-2.4 3.6-0.9 4.3q0 3.6 2.1 6.6l-1.4 4.2 4.3-1.4q2.8 1.9 6.2 1.9zM14 2.2q2.7 0 5.2 1.1t4.3 2.9 2.9 4.3 1.1 5.2-1.1 5.2-2.9 4.3-4.3 2.9-5.2 1.1q-3.5 0-6.5-1.7l-7.4 2.4 2.4-7.2q-1.9-3.2-1.9-6.9 0-2.7 1.1-5.2t2.9-4.3 4.3-2.9 5.2-1.1z\"\/><\/svg><\/span><\/a><\/li><li class=\"shariff-button sms shariff-nocustomcolor shariff-mobile\" style=\"background-color:#d7d9d8\"><a href=\"sms:?&body=https%3A%2F%2Ftierheim-moers.de%2FWordpress%2Fhelfen%2Fspenden-2%2F\" title=\"Per SMS teilen\" aria-label=\"Per SMS teilen\" role=\"button\" rel=\"noopener nofollow\" class=\"shariff-link\" style=\"; background-color:#a1e877; color:#fff\" target=\"_blank\"><span class=\"shariff-icon\" style=\"\"><svg xmlns=\"http:\/\/www.w3.org\/2000\/svg\" width=\"510\" height=\"510\" viewBox=\"0 0 510 510\"><path fill=\"#a1e877\" d=\"M459 0H51C23 0 0 23 0 51v459l102-102h357c28.1 0 51-22.9 51-51V51C510 23 487.1 0 459 0zM178.5 229.5h-51v-51h51V229.5zM280.5 229.5h-51v-51h51V229.5zM382.5 229.5h-51v-51h51V229.5z\"\/><\/svg><\/span><\/a><\/li><\/ul><\/div>","protected":false},"excerpt":{"rendered":"<p>&#8220;Ohne Moos, nix los!&#8221; &#8211; das gilt nat\u00fcrlich auch bei uns im Tierheim-Betrieb. Jeden Tag im Jahr kostet der Betrieb des Tierheims mit allem drum und dran rund 1.260,00 Euro, unterm Strich ca. 460.000 Euro im Jahr. Die m\u00fcssen erst mal eingenommen werden, bevor wir sie f\u00fcr unsere Sch\u00fctzlinge wieder &#8230;<\/p>\n","protected":false},"author":7,"featured_media":0,"parent":12,"menu_order":0,"comment_status":"closed","ping_status":"closed","template":"","meta":{"ngg_post_thumbnail":0,"footnotes":""},"class_list":["post-62227","page","type-page","status-publish","hentry","column","threecol"],"yoast_head":"<!-- This site is optimized with the Yoast SEO plugin v24.6 - https:\/\/yoast.com\/wordpress\/plugins\/seo\/ -->\n<title>Spenden | TIERHEIM MOERS<\/title>\n<meta name=\"robots\" content=\"index, follow, max-snippet:-1, max-image-preview:large, max-video-preview:-1\" \/>\n<link rel=\"canonical\" href=\"https:\/\/tierheim-moers.de\/Wordpress\/helfen\/spenden-2\/\" \/>\n<meta property=\"og:locale\" content=\"de_DE\" \/>\n<meta property=\"og:type\" content=\"article\" \/>\n<meta property=\"og:title\" content=\"Spenden | TIERHEIM MOERS\" \/>\n<meta property=\"og:description\" content=\"&#8220;Ohne Moos, nix los!&#8221; &#8211; das gilt nat\u00fcrlich auch bei uns im Tierheim-Betrieb. Jeden Tag im Jahr kostet der Betrieb des Tierheims &#8230;\" \/>\n<meta property=\"og:url\" content=\"https:\/\/tierheim-moers.de\/Wordpress\/helfen\/spenden-2\/\" \/>\n<meta property=\"og:site_name\" content=\"TIERHEIM MOERS\" \/>\n<meta property=\"article:publisher\" content=\"https:\/\/de-de.facebook.com\/moers.tierheim\" \/>\n<meta property=\"article:modified_time\" content=\"2025-11-28T13:11:43+00:00\" \/>\n<meta property=\"og:image\" content=\"https:\/\/tierheim-moers.de\/Wordpress\/wp-content\/uploads\/2025\/10\/Taylor10.jpg\" \/>\n\t<meta property=\"og:image:width\" content=\"2032\" \/>\n\t<meta property=\"og:image:height\" content=\"2048\" \/>\n\t<meta property=\"og:image:type\" content=\"image\/jpeg\" \/>\n<meta name=\"twitter:card\" content=\"summary_large_image\" \/>\n<meta name=\"twitter:label1\" content=\"Gesch\u00e4tzte Lesezeit\" \/>\n\t<meta name=\"twitter:data1\" content=\"2\u00a0Minuten\" \/>\n<script type=\"application\/ld+json\" class=\"yoast-schema-graph\">{\"@context\":\"https:\/\/schema.org\",\"@graph\":[{\"@type\":\"WebPage\",\"@id\":\"https:\/\/tierheim-moers.de\/Wordpress\/helfen\/spenden-2\/\",\"url\":\"https:\/\/tierheim-moers.de\/Wordpress\/helfen\/spenden-2\/\",\"name\":\"Spenden | TIERHEIM MOERS\",\"isPartOf\":{\"@id\":\"https:\/\/tierheim-moers.de\/Wordpress\/#website\"},\"primaryImageOfPage\":{\"@id\":\"https:\/\/tierheim-moers.de\/Wordpress\/helfen\/spenden-2\/#primaryimage\"},\"image\":{\"@id\":\"https:\/\/tierheim-moers.de\/Wordpress\/helfen\/spenden-2\/#primaryimage\"},\"thumbnailUrl\":\"https:\/\/tierheim-moers.de\/Wordpress\/wp-content\/uploads\/2025\/10\/Taylor10-1016x1024.jpg\",\"datePublished\":\"2025-11-28T10:13:42+00:00\",\"dateModified\":\"2025-11-28T13:11:43+00:00\",\"breadcrumb\":{\"@id\":\"https:\/\/tierheim-moers.de\/Wordpress\/helfen\/spenden-2\/#breadcrumb\"},\"inLanguage\":\"de\",\"potentialAction\":[{\"@type\":\"ReadAction\",\"target\":[\"https:\/\/tierheim-moers.de\/Wordpress\/helfen\/spenden-2\/\"]}]},{\"@type\":\"ImageObject\",\"inLanguage\":\"de\",\"@id\":\"https:\/\/tierheim-moers.de\/Wordpress\/helfen\/spenden-2\/#primaryimage\",\"url\":\"https:\/\/tierheim-moers.de\/Wordpress\/wp-content\/uploads\/2025\/10\/Taylor10.jpg\",\"contentUrl\":\"https:\/\/tierheim-moers.de\/Wordpress\/wp-content\/uploads\/2025\/10\/Taylor10.jpg\",\"width\":2032,\"height\":2048},{\"@type\":\"BreadcrumbList\",\"@id\":\"https:\/\/tierheim-moers.de\/Wordpress\/helfen\/spenden-2\/#breadcrumb\",\"itemListElement\":[{\"@type\":\"ListItem\",\"position\":1,\"name\":\"Startseite\",\"item\":\"https:\/\/tierheim-moers.de\/Wordpress\/\"},{\"@type\":\"ListItem\",\"position\":2,\"name\":\"Helfen\",\"item\":\"https:\/\/tierheim-moers.de\/Wordpress\/helfen\/\"},{\"@type\":\"ListItem\",\"position\":3,\"name\":\"Spenden\"}]},{\"@type\":\"WebSite\",\"@id\":\"https:\/\/tierheim-moers.de\/Wordpress\/#website\",\"url\":\"https:\/\/tierheim-moers.de\/Wordpress\/\",\"name\":\"Tierheim Moers\",\"description\":\"Tierheim | Hundepension | Tierschutz | Moers\",\"publisher\":{\"@id\":\"https:\/\/tierheim-moers.de\/Wordpress\/#organization\"},\"potentialAction\":[{\"@type\":\"SearchAction\",\"target\":{\"@type\":\"EntryPoint\",\"urlTemplate\":\"https:\/\/tierheim-moers.de\/Wordpress\/?s={search_term_string}\"},\"query-input\":{\"@type\":\"PropertyValueSpecification\",\"valueRequired\":true,\"valueName\":\"search_term_string\"}}],\"inLanguage\":\"de\"},{\"@type\":\"Organization\",\"@id\":\"https:\/\/tierheim-moers.de\/Wordpress\/#organization\",\"name\":\"Tierheim Moers\",\"url\":\"https:\/\/tierheim-moers.de\/Wordpress\/\",\"logo\":{\"@type\":\"ImageObject\",\"inLanguage\":\"de\",\"@id\":\"https:\/\/tierheim-moers.de\/Wordpress\/#\/schema\/logo\/image\/\",\"url\":\"https:\/\/tierheim-moers.de\/Wordpress\/wp-content\/uploads\/2014\/04\/Logo-TSV-Moers-V01-RGB-300.png\",\"contentUrl\":\"https:\/\/tierheim-moers.de\/Wordpress\/wp-content\/uploads\/2014\/04\/Logo-TSV-Moers-V01-RGB-300.png\",\"width\":1052,\"height\":1038,\"caption\":\"Tierheim Moers\"},\"image\":{\"@id\":\"https:\/\/tierheim-moers.de\/Wordpress\/#\/schema\/logo\/image\/\"},\"sameAs\":[\"https:\/\/de-de.facebook.com\/moers.tierheim\"]}]}<\/script>\n<!-- \/ Yoast SEO plugin. -->","yoast_head_json":{"title":"Spenden | TIERHEIM MOERS","robots":{"index":"index","follow":"follow","max-snippet":"max-snippet:-1","max-image-preview":"max-image-preview:large","max-video-preview":"max-video-preview:-1"},"canonical":"https:\/\/tierheim-moers.de\/Wordpress\/helfen\/spenden-2\/","og_locale":"de_DE","og_type":"article","og_title":"Spenden | TIERHEIM MOERS","og_description":"&#8220;Ohne Moos, nix los!&#8221; &#8211; das gilt nat\u00fcrlich auch bei uns im Tierheim-Betrieb. Jeden Tag im Jahr kostet der Betrieb des Tierheims &#8230;","og_url":"https:\/\/tierheim-moers.de\/Wordpress\/helfen\/spenden-2\/","og_site_name":"TIERHEIM MOERS","article_publisher":"https:\/\/de-de.facebook.com\/moers.tierheim","article_modified_time":"2025-11-28T13:11:43+00:00","og_image":[{"width":2032,"height":2048,"url":"https:\/\/tierheim-moers.de\/Wordpress\/wp-content\/uploads\/2025\/10\/Taylor10.jpg","type":"image\/jpeg"}],"twitter_card":"summary_large_image","twitter_misc":{"Gesch\u00e4tzte Lesezeit":"2\u00a0Minuten"},"schema":{"@context":"https:\/\/schema.org","@graph":[{"@type":"WebPage","@id":"https:\/\/tierheim-moers.de\/Wordpress\/helfen\/spenden-2\/","url":"https:\/\/tierheim-moers.de\/Wordpress\/helfen\/spenden-2\/","name":"Spenden | TIERHEIM MOERS","isPartOf":{"@id":"https:\/\/tierheim-moers.de\/Wordpress\/#website"},"primaryImageOfPage":{"@id":"https:\/\/tierheim-moers.de\/Wordpress\/helfen\/spenden-2\/#primaryimage"},"image":{"@id":"https:\/\/tierheim-moers.de\/Wordpress\/helfen\/spenden-2\/#primaryimage"},"thumbnailUrl":"https:\/\/tierheim-moers.de\/Wordpress\/wp-content\/uploads\/2025\/10\/Taylor10-1016x1024.jpg","datePublished":"2025-11-28T10:13:42+00:00","dateModified":"2025-11-28T13:11:43+00:00","breadcrumb":{"@id":"https:\/\/tierheim-moers.de\/Wordpress\/helfen\/spenden-2\/#breadcrumb"},"inLanguage":"de","potentialAction":[{"@type":"ReadAction","target":["https:\/\/tierheim-moers.de\/Wordpress\/helfen\/spenden-2\/"]}]},{"@type":"ImageObject","inLanguage":"de","@id":"https:\/\/tierheim-moers.de\/Wordpress\/helfen\/spenden-2\/#primaryimage","url":"https:\/\/tierheim-moers.de\/Wordpress\/wp-content\/uploads\/2025\/10\/Taylor10.jpg","contentUrl":"https:\/\/tierheim-moers.de\/Wordpress\/wp-content\/uploads\/2025\/10\/Taylor10.jpg","width":2032,"height":2048},{"@type":"BreadcrumbList","@id":"https:\/\/tierheim-moers.de\/Wordpress\/helfen\/spenden-2\/#breadcrumb","itemListElement":[{"@type":"ListItem","position":1,"name":"Startseite","item":"https:\/\/tierheim-moers.de\/Wordpress\/"},{"@type":"ListItem","position":2,"name":"Helfen","item":"https:\/\/tierheim-moers.de\/Wordpress\/helfen\/"},{"@type":"ListItem","position":3,"name":"Spenden"}]},{"@type":"WebSite","@id":"https:\/\/tierheim-moers.de\/Wordpress\/#website","url":"https:\/\/tierheim-moers.de\/Wordpress\/","name":"Tierheim Moers","description":"Tierheim | Hundepension | Tierschutz | Moers","publisher":{"@id":"https:\/\/tierheim-moers.de\/Wordpress\/#organization"},"potentialAction":[{"@type":"SearchAction","target":{"@type":"EntryPoint","urlTemplate":"https:\/\/tierheim-moers.de\/Wordpress\/?s={search_term_string}"},"query-input":{"@type":"PropertyValueSpecification","valueRequired":true,"valueName":"search_term_string"}}],"inLanguage":"de"},{"@type":"Organization","@id":"https:\/\/tierheim-moers.de\/Wordpress\/#organization","name":"Tierheim Moers","url":"https:\/\/tierheim-moers.de\/Wordpress\/","logo":{"@type":"ImageObject","inLanguage":"de","@id":"https:\/\/tierheim-moers.de\/Wordpress\/#\/schema\/logo\/image\/","url":"https:\/\/tierheim-moers.de\/Wordpress\/wp-content\/uploads\/2014\/04\/Logo-TSV-Moers-V01-RGB-300.png","contentUrl":"https:\/\/tierheim-moers.de\/Wordpress\/wp-content\/uploads\/2014\/04\/Logo-TSV-Moers-V01-RGB-300.png","width":1052,"height":1038,"caption":"Tierheim Moers"},"image":{"@id":"https:\/\/tierheim-moers.de\/Wordpress\/#\/schema\/logo\/image\/"},"sameAs":["https:\/\/de-de.facebook.com\/moers.tierheim"]}]}},"_links":{"self":[{"href":"https:\/\/tierheim-moers.de\/Wordpress\/wp-json\/wp\/v2\/pages\/62227","targetHints":{"allow":["GET"]}}],"collection":[{"href":"https:\/\/tierheim-moers.de\/Wordpress\/wp-json\/wp\/v2\/pages"}],"about":[{"href":"https:\/\/tierheim-moers.de\/Wordpress\/wp-json\/wp\/v2\/types\/page"}],"author":[{"embeddable":true,"href":"https:\/\/tierheim-moers.de\/Wordpress\/wp-json\/wp\/v2\/users\/7"}],"replies":[{"embeddable":true,"href":"https:\/\/tierheim-moers.de\/Wordpress\/wp-json\/wp\/v2\/comments?post=62227"}],"version-history":[{"count":3,"href":"https:\/\/tierheim-moers.de\/Wordpress\/wp-json\/wp\/v2\/pages\/62227\/revisions"}],"predecessor-version":[{"id":62240,"href":"https:\/\/tierheim-moers.de\/Wordpress\/wp-json\/wp\/v2\/pages\/62227\/revisions\/62240"}],"up":[{"embeddable":true,"href":"https:\/\/tierheim-moers.de\/Wordpress\/wp-json\/wp\/v2\/pages\/12"}],"wp:attachment":[{"href":"https:\/\/tierheim-moers.de\/Wordpress\/wp-json\/wp\/v2\/media?parent=62227"}],"curies":[{"name":"wp","href":"https:\/\/api.w.org\/{rel}","templated":true}]}}