{"id":6335,"date":"2015-03-29T16:29:54","date_gmt":"2015-03-29T14:29:54","guid":{"rendered":"http:\/\/tierheim-moers.de\/Wordpress\/?page_id=6335"},"modified":"2015-04-12T16:48:33","modified_gmt":"2015-04-12T14:48:33","slug":"tommys-tierheim-kolumne-vom-22-03-2015","status":"publish","type":"page","link":"https:\/\/tierheim-moers.de\/Wordpress\/tommys-tierheim-kolumne-vom-22-03-2015\/","title":{"rendered":"Tommy&#8217;s Tierheim Kolumne vom 22.03.2015 (Teil 2)"},"content":{"rendered":"<p>22. M\u00e4rz 2015<\/p>\n<p>Tach auch\u2026!<\/p>\n<p>Ich kann Ihnen sagen\u2026 das waren wieder ein paar Tage\u2026 Ich dachte nach den Sauereien in der letzten Woche k\u00f6nnte ich mich endlich einer gepflegten Fr\u00fchjahrsm\u00fcdigkeit widmen \u2013<\/p>\n<div>\n<dl id=\"attachment_6185\">\n<dt><a href=\"http:\/\/tierheim-moers.de\/Wordpress\/wp-content\/uploads\/2015\/03\/20150223_180027.jpg\"><img fetchpriority=\"high\" decoding=\"async\" alt=\"...gestatten: Tommy!\" src=\"http:\/\/tierheim-moers.de\/Wordpress\/wp-content\/uploads\/2015\/03\/20150223_180027-168x300.jpg\" width=\"168\" height=\"300\" \/><\/a><\/dt>\n<dd>&#8230;gestatten: Tommy!<\/dd>\n<\/dl>\n<\/div>\n<p>Kater wird ja nun auch nicht j\u00fcnger \u2013 aber Pustekuchen!<\/p>\n<p>Stress von fr\u00fch bis sp\u00e4t, und sie k\u00f6nnen mir glauben, \u00fcber diesen H\u00fchnerhaufen hier dann den notwendigen \u00dcberblick zu behalten ist gar nicht so einfach. Es ist wieder viel passiert, und wie in 99 Prozent aller spannenden Tierheim-Geschichten, begannen die meisten mit einem zuerst harmlosen Telefonklingeln\u2026<\/p>\n<p>Gleich zu Beginn wurden wir am Montag von einem Gerichtsvollzieher zu einer Wohnungsr\u00e4umung gerufen. Bei \u00d6ffnung der Wohnung fand der Mann einen verwahrlosten Papagei in der Wohnung vor. Den konnte er nat\u00fcrlich schlecht den M\u00f6belpackern mitgeben, die ihn mit den Wohnzimmerm\u00f6beln h\u00e4tten einlagern m\u00fcssen. Gut und gerne 15 cm hoch stapelten sich die Exkremente unter dem K\u00e4fig. Das V\u00f6gelchen machte dabei keinen guten Eindruck, deswegen wurde er auch direkt in fachkundige Pflegeh\u00e4nde und von dort aus sofort in eine spezialisierte Tierklinik nach D\u00fcsseldorf gebracht. Sie k\u00f6nnen mir glauben, der Geier w\u00e4re zwar eine leichte Beute gewesen (selbst f\u00fcr mich), aber appetitlich sah das gar nicht mehr aus\u2026<\/p>\n<p>Viel um die Ohren \u2013 im wahrsten Sinne des Wortes \u2013 hatten die Tierheim\u2019ler diese Woche auch wegen dem Berner Sennenhund Frodo. Soweit ein ganz netter Typ \u2013 so nett wie ein Hund halt sein kann\u2026 Mir pers\u00f6nlich etwas zu gro\u00df, zu haarig und zu wild, aber ich will mir ja auch keinen Hund zulegen. Kaum war Frodo in diesem Internet und vor allem in diesem Facebook,\u00a0<a href=\"http:\/\/tierheim-moers.de\/Wordpress\/wp-content\/uploads\/2015\/03\/Frodo2.jpg\"><img decoding=\"async\" alt=\"Frodo2\" src=\"http:\/\/tierheim-moers.de\/Wordpress\/wp-content\/uploads\/2015\/03\/Frodo2-168x300.jpg\" width=\"168\" height=\"300\" \/><\/a>da stand das Telefon kaum noch still. Ich hoffe das sich der ganze Aufwand auch gelohnt hat, st\u00e4ndig auf den Beinen zu sein, auf der Flucht vor dem klingelnden Telefon ist in meinem Alter schon ziemlich m\u00fchselig.<\/p>\n<p>Geklappt hat es aber auf jeden Fall in dieser Woche f\u00fcr ein paar andere unserer Bewohner, die aus dem Tierheim ausziehen durften! Besonders froh bin ich, dass dieser kleine B\u00fcro-Stinker \u201eDuplo\u201c ein neues Zuhause gefunden hat. Dieses Gequietsche der (meist weiblichen) Besucher und auch Tierheim-Mitarbeiter sobald diese vier Pfund Hund auf der Bildfl\u00e4che erschienen war schon ziemlich nervig! \u2026au\u00dferdem hatte dieser kleine Rotzl\u00f6ffel noch nicht einen Funken Respekt vor meiner Person und Funktion \u2013 und da er unter st\u00e4ndiger Aufsicht von Mitarbeiterin Nico stand, konnte ich ihm diese Lektion auch leider nicht beibringen.<br \/>\nAber auch das halbstarke Labradort-Waisenkind \u201eBibi\u201c hat gestern ihr B\u00fcndel gepackt, wurde in unserem Spendenl\u00e4dchen noch mal frisch eingekleidet, und durfte dann ausziehen.<\/p>\n<p>Au\u00dferdem haben diese Woche Mario &amp; Luigi und Mandala ein Zuhause gefunden, und Sorgen-Kater &#8220;L\u00fcmmel&#8221; hei\u00dft nun &#8220;Kr\u00fcmmel&#8221; (Menschen sind manchmal so kreativ!) und darf nun endg\u00fcltig bei seiner Pflegefamilie bleiben.<\/p>\n<p>Wo ich mich aber wirklich sehr gefreut habe am Samstag, war der Auszug meines Kater-Kumpel \u201eKenny\u201c. Als er vor ein paar Wochen kam, kr\u00e4nkelte er etwas. Bei viel Zuwendung, W\u00e4rme und gutem Futter erholte er sich schnell. Ein Bluttest bei seiner Kastration (Menschen sind so grausam\u2026 aber es n\u00fctzt ja nix, inzwischen sehe ich es ja auch ein\u2026!) lieferte das Ergebnis, dass Kenny\u00a0<a href=\"http:\/\/tierheim-moers.de\/Wordpress\/wp-content\/uploads\/2015\/03\/IMG_4869kenny-klein.jpg\"><img decoding=\"async\" alt=\"IMG_4869kenny-klein\" src=\"http:\/\/tierheim-moers.de\/Wordpress\/wp-content\/uploads\/2015\/03\/IMG_4869kenny-klein.jpg\" width=\"300\" height=\"225\" \/><\/a>das Katzen-AIDS-Virus in sich tr\u00e4gt\u2026 hat wohl in der Vergangenheit nichts anbrennen lassen, und K\u00e4mpfen mit Konkurrenten ist er auch nicht aus dem Weg gegangen. Jedenfalls tauchte gestern eine sehr nette Dame auf, die Kenny mit nach Hause genommen hat \u2013 ich muss ehrlich zugeben, dass ich mit meinem Fulltime-Job und der damit verbundenen freien Kost und Logis ja eigentlich ganz zufrieden bin, aber gestern h\u00e4tte ich gerne mal f\u00fcr ein paar Wochen mit Kenny getauscht, ich glaube er h\u00e4tte es nicht besser treffen k\u00f6nnen. Naja, vielleicht kann ich ja mal eine Kur beantragen\u2026 Allerdings m\u00fcsste ich dann erst eine zuverl\u00e4ssige Vertretung finden und einarbeiten\u2026<\/p>\n<div>\n<dl id=\"attachment_6287\">\n<dt><a href=\"http:\/\/tierheim-moers.de\/Wordpress\/wp-content\/uploads\/2014\/04\/20150321_073501.jpg\"><img loading=\"lazy\" decoding=\"async\" alt=\"...ihnen ging es an den Kragen.\" src=\"http:\/\/tierheim-moers.de\/Wordpress\/wp-content\/uploads\/2014\/04\/20150321_073501-168x300.jpg\" width=\"168\" height=\"300\" \/><\/a><\/dt>\n<dd>&#8230;ihnen ging es an den Kragen.<\/dd>\n<\/dl>\n<\/div>\n<p>Samstag ging es hier \u00fcbrigens schon fr\u00fch zu Werke. Gleich um acht r\u00fcckte ein vierk\u00f6pfiger Bautrupp an. In der Katzenquarant\u00e4ne wurden ein paar Boxen gestrichen, und auf dem Dach wurde zus\u00e4tzliche D\u00e4mmung angebracht \u2013 irgendwas hat das mit Schimmel-Prophylaxe zu tun. Richtig rund ging es aber im Praxis-Container. Dort wurden zus\u00e4tzliche Einzelboxen f\u00fcr Katzen abgerissen. Ich habe etwas l\u00e4uten h\u00f6ren, dass dort bald weitere Pl\u00e4tze geschaffen werden sollen, um neu aufgenommene Katzen erst mal in Quarant\u00e4ne zu halten, oder um kranke Katzen gesund zu pflegen \u2013 aber da kommt es wohl auch wieder darauf an, ob die Tierheim-Leute Spenden daf\u00fcr bekommen.<\/p>\n<p>&nbsp;<\/p>\n<p>&nbsp;<\/p>\n<p>In dem ganzen Baustress gestern, kam dann zwischendurch noch eine Mail von Collie-R\u00fcden Venix aus dem neuen Zuhause (wundern Sie sich nicht, die Mails muss ich nun auch noch bearbeiten, nachdem ich letzte Woche bewiesen habe, dass ich doch ganz gut mit dem Computer zurecht komme &#8211; wenn das so weiter geht, muss ich mich mal bei der Gewerkschaft erkundigen, ob das alles so rechtens ist&#8230;). Mehr finden Sie unter &#8220;Erfolgsgeschichten&#8221;.<img decoding=\"async\" title=\"gallery link=&quot;none&quot; ids=&quot;6269,6268,6267&quot;\" alt=\"\" src=\"http:\/\/tierheim-moers.de\/Wordpress\/wp-includes\/js\/tinymce\/plugins\/wpgallery\/img\/t.gif\" \/><\/p>\n<p>Zu guter Letzt f\u00e4llt mir noch eine unerfreuliche Geschichte ein, mit der diese Woche leider zu Ende ging. Vor gut vier Wochen haben die M\u00e4dels aus dem Katzenhaus eine schnuckelige Schildpatt-Katze vermittelt\u2026 Liebe Leute, ich kann ihnen sagen, wenn ich nur 10 Jahre j\u00fcnger gewesen w\u00e4re\u2026 mit der h\u00e4tte ich mir was vorstellen k\u00f6nnen\u2026 \u00c4hm, jedenfalls stand die \u00dcbernehmerin gestern mit Katze wieder pl\u00f6tzlich in der T\u00fcr. Aus dem bezaubernd h\u00fcbschen Katzenm\u00e4del war binnen eines Monats ein H\u00e4ufchen Elend geworden. Abgemagert, ausgetrocknet, orientierungslos und hungrig wurde die Katze wieder bei uns abgegeben, mit der lapidaren Erkl\u00e4rung, sie h\u00e4tte zwei Katzen, und deswegen nicht mitbekommen, ob die Katze gefressen hat oder nicht.<\/p>\n<p>Da sich der Zustand nicht besserte haben die Tierpfleger beschlossen die Katze direkt in die Tierklinik zu bringen \u2013 bitte dr\u00fccken sie die Daumen!<\/p>\n<p>Tja, das ist leider das Restrisiko\u2026 Eigentlich hatte auch ich damals einen guten Eindruck von der \u00dcbernehmerin, schade wie sich sowas manchmal entwickelt.<\/p>\n<p>So, nun werde ich mir mal ein gem\u00fctliches Pl\u00e4tzchen im Heu suchen \u2013 letzte Woche hat Patrick eine frische Lieferung bei einem Bauern abgeholt, da habe ich im Moment also jede Menge Auswahl.<\/p>\n<p>Haben Sie eine gute Woche, bis die Tage\u2026!<\/p>\n<p>&nbsp;<\/p>\n<p>Teil 1 vom 15.03.2015 verpasst? Bitte klicken sie\u00a0<a title=\"Tommy\u2019s Kolumne 1 \u2013 vom 15.03.2015\" href=\"http:\/\/tierheim-moers.de\/Wordpress\/tommys-kolumne-1-vom-15-03-2015\/\" target=\"_blank\">HIER!<\/a><\/p>\n<div class=\"shariff shariff-align-flex-start shariff-widget-align-center\" data-url=\"https%3A%2F%2Ftierheim-moers.de%2FWordpress%2Ftommys-tierheim-kolumne-vom-22-03-2015%2F\" data-timestamp=\"1428857313\" data-hidezero=\"1\" data-backendurl=\"https:\/\/tierheim-moers.de\/Wordpress\/wp-json\/shariff\/v1\/share_counts?\"><ul class=\"shariff-buttons theme-round orientation-horizontal buttonsize-small\"><li class=\"shariff-button facebook shariff-nocustomcolor\" style=\"background-color:#4273c8\"><a href=\"https:\/\/www.facebook.com\/sharer\/sharer.php?u=https%3A%2F%2Ftierheim-moers.de%2FWordpress%2Ftommys-tierheim-kolumne-vom-22-03-2015%2F\" title=\"Bei Facebook teilen\" aria-label=\"Bei Facebook teilen\" role=\"button\" rel=\"nofollow\" class=\"shariff-link\" style=\"; background-color:#3b5998; color:#fff\" target=\"_blank\"><span class=\"shariff-icon\" style=\"\"><svg width=\"32px\" height=\"20px\" xmlns=\"http:\/\/www.w3.org\/2000\/svg\" viewBox=\"0 0 18 32\"><path fill=\"#3b5998\" d=\"M17.1 0.2v4.7h-2.8q-1.5 0-2.1 0.6t-0.5 1.9v3.4h5.2l-0.7 5.3h-4.5v13.6h-5.5v-13.6h-4.5v-5.3h4.5v-3.9q0-3.3 1.9-5.2t5-1.8q2.6 0 4.1 0.2z\"\/><\/svg><\/span><\/a><\/li><li class=\"shariff-button twitter shariff-nocustomcolor\" style=\"background-color:#595959\"><a href=\"https:\/\/twitter.com\/share?url=https%3A%2F%2Ftierheim-moers.de%2FWordpress%2Ftommys-tierheim-kolumne-vom-22-03-2015%2F&text=Tommy%E2%80%99s%20Tierheim%20Kolumne%20vom%2022.03.2015%20%28Teil%202%29\" title=\"Bei X teilen\" aria-label=\"Bei X teilen\" role=\"button\" rel=\"noopener nofollow\" class=\"shariff-link\" style=\"; background-color:#000; color:#fff\" target=\"_blank\"><span class=\"shariff-icon\" style=\"\"><svg width=\"32px\" height=\"20px\" xmlns=\"http:\/\/www.w3.org\/2000\/svg\" viewBox=\"0 0 24 24\"><path fill=\"#000\" d=\"M14.258 10.152L23.176 0h-2.113l-7.747 8.813L7.133 0H0l9.352 13.328L0 23.973h2.113l8.176-9.309 6.531 9.309h7.133zm-2.895 3.293l-.949-1.328L2.875 1.56h3.246l6.086 8.523.945 1.328 7.91 11.078h-3.246zm0 0\"\/><\/svg><\/span><\/a><\/li><li class=\"shariff-button whatsapp shariff-nocustomcolor\" style=\"background-color:#5cbe4a\"><a href=\"https:\/\/api.whatsapp.com\/send?text=https%3A%2F%2Ftierheim-moers.de%2FWordpress%2Ftommys-tierheim-kolumne-vom-22-03-2015%2F%20Tommy%E2%80%99s%20Tierheim%20Kolumne%20vom%2022.03.2015%20%28Teil%202%29\" title=\"Bei Whatsapp teilen\" aria-label=\"Bei Whatsapp teilen\" role=\"button\" rel=\"noopener nofollow\" class=\"shariff-link\" style=\"; background-color:#34af23; color:#fff\" target=\"_blank\"><span class=\"shariff-icon\" style=\"\"><svg width=\"32px\" height=\"20px\" xmlns=\"http:\/\/www.w3.org\/2000\/svg\" viewBox=\"0 0 32 32\"><path fill=\"#34af23\" d=\"M17.6 17.4q0.2 0 1.7 0.8t1.6 0.9q0 0.1 0 0.3 0 0.6-0.3 1.4-0.3 0.7-1.3 1.2t-1.8 0.5q-1 0-3.4-1.1-1.7-0.8-3-2.1t-2.6-3.3q-1.3-1.9-1.3-3.5v-0.1q0.1-1.6 1.3-2.8 0.4-0.4 0.9-0.4 0.1 0 0.3 0t0.3 0q0.3 0 0.5 0.1t0.3 0.5q0.1 0.4 0.6 1.6t0.4 1.3q0 0.4-0.6 1t-0.6 0.8q0 0.1 0.1 0.3 0.6 1.3 1.8 2.4 1 0.9 2.7 1.8 0.2 0.1 0.4 0.1 0.3 0 1-0.9t0.9-0.9zM14 26.9q2.3 0 4.3-0.9t3.6-2.4 2.4-3.6 0.9-4.3-0.9-4.3-2.4-3.6-3.6-2.4-4.3-0.9-4.3 0.9-3.6 2.4-2.4 3.6-0.9 4.3q0 3.6 2.1 6.6l-1.4 4.2 4.3-1.4q2.8 1.9 6.2 1.9zM14 2.2q2.7 0 5.2 1.1t4.3 2.9 2.9 4.3 1.1 5.2-1.1 5.2-2.9 4.3-4.3 2.9-5.2 1.1q-3.5 0-6.5-1.7l-7.4 2.4 2.4-7.2q-1.9-3.2-1.9-6.9 0-2.7 1.1-5.2t2.9-4.3 4.3-2.9 5.2-1.1z\"\/><\/svg><\/span><\/a><\/li><li class=\"shariff-button sms shariff-nocustomcolor shariff-mobile\" style=\"background-color:#d7d9d8\"><a href=\"sms:?&body=https%3A%2F%2Ftierheim-moers.de%2FWordpress%2Ftommys-tierheim-kolumne-vom-22-03-2015%2F\" title=\"Per SMS teilen\" aria-label=\"Per SMS teilen\" role=\"button\" rel=\"noopener nofollow\" class=\"shariff-link\" style=\"; background-color:#a1e877; color:#fff\" target=\"_blank\"><span class=\"shariff-icon\" style=\"\"><svg xmlns=\"http:\/\/www.w3.org\/2000\/svg\" width=\"510\" height=\"510\" viewBox=\"0 0 510 510\"><path fill=\"#a1e877\" d=\"M459 0H51C23 0 0 23 0 51v459l102-102h357c28.1 0 51-22.9 51-51V51C510 23 487.1 0 459 0zM178.5 229.5h-51v-51h51V229.5zM280.5 229.5h-51v-51h51V229.5zM382.5 229.5h-51v-51h51V229.5z\"\/><\/svg><\/span><\/a><\/li><\/ul><\/div>","protected":false},"excerpt":{"rendered":"<p>22. M\u00e4rz 2015 Tach auch\u2026! Ich kann Ihnen sagen\u2026 das waren wieder ein paar Tage\u2026 Ich dachte nach den Sauereien in der letzten Woche k\u00f6nnte ich mich endlich einer gepflegten Fr\u00fchjahrsm\u00fcdigkeit widmen \u2013 &#8230;gestatten: Tommy! Kater wird ja nun auch nicht j\u00fcnger \u2013 aber Pustekuchen! Stress von fr\u00fch bis sp\u00e4t, &#8230;<\/p>\n","protected":false},"author":3,"featured_media":0,"parent":0,"menu_order":0,"comment_status":"closed","ping_status":"closed","template":"","meta":{"ngg_post_thumbnail":0,"footnotes":""},"class_list":["post-6335","page","type-page","status-publish","hentry","column","threecol"],"yoast_head":"<!-- This site is optimized with the Yoast SEO plugin v24.6 - https:\/\/yoast.com\/wordpress\/plugins\/seo\/ -->\n<title>Tommy&#039;s Tierheim Kolumne vom 22.03.2015 (Teil 2) | TIERHEIM MOERS<\/title>\n<meta name=\"robots\" content=\"index, follow, max-snippet:-1, max-image-preview:large, max-video-preview:-1\" \/>\n<link rel=\"canonical\" href=\"https:\/\/tierheim-moers.de\/Wordpress\/tommys-tierheim-kolumne-vom-22-03-2015\/\" \/>\n<meta property=\"og:locale\" content=\"de_DE\" \/>\n<meta property=\"og:type\" content=\"article\" \/>\n<meta property=\"og:title\" content=\"Tommy&#039;s Tierheim Kolumne vom 22.03.2015 (Teil 2) | TIERHEIM MOERS\" \/>\n<meta property=\"og:description\" content=\"22. M\u00e4rz 2015 Tach auch\u2026! Ich kann Ihnen sagen\u2026 das waren wieder ein paar Tage\u2026 Ich dachte nach den Sauereien in der &#8230;\" \/>\n<meta property=\"og:url\" content=\"https:\/\/tierheim-moers.de\/Wordpress\/tommys-tierheim-kolumne-vom-22-03-2015\/\" \/>\n<meta property=\"og:site_name\" content=\"TIERHEIM MOERS\" \/>\n<meta property=\"article:publisher\" content=\"https:\/\/de-de.facebook.com\/moers.tierheim\" \/>\n<meta property=\"article:modified_time\" content=\"2015-04-12T14:48:33+00:00\" \/>\n<meta property=\"og:image\" content=\"http:\/\/tierheim-moers.de\/Wordpress\/wp-content\/uploads\/2015\/03\/20150223_180027-168x300.jpg\" \/>\n<meta name=\"twitter:card\" content=\"summary_large_image\" \/>\n<meta name=\"twitter:label1\" content=\"Gesch\u00e4tzte Lesezeit\" \/>\n\t<meta name=\"twitter:data1\" content=\"5\u00a0Minuten\" \/>\n<script type=\"application\/ld+json\" class=\"yoast-schema-graph\">{\"@context\":\"https:\/\/schema.org\",\"@graph\":[{\"@type\":\"WebPage\",\"@id\":\"https:\/\/tierheim-moers.de\/Wordpress\/tommys-tierheim-kolumne-vom-22-03-2015\/\",\"url\":\"https:\/\/tierheim-moers.de\/Wordpress\/tommys-tierheim-kolumne-vom-22-03-2015\/\",\"name\":\"Tommy's Tierheim Kolumne vom 22.03.2015 (Teil 2) | TIERHEIM MOERS\",\"isPartOf\":{\"@id\":\"https:\/\/tierheim-moers.de\/Wordpress\/#website\"},\"primaryImageOfPage\":{\"@id\":\"https:\/\/tierheim-moers.de\/Wordpress\/tommys-tierheim-kolumne-vom-22-03-2015\/#primaryimage\"},\"image\":{\"@id\":\"https:\/\/tierheim-moers.de\/Wordpress\/tommys-tierheim-kolumne-vom-22-03-2015\/#primaryimage\"},\"thumbnailUrl\":\"http:\/\/tierheim-moers.de\/Wordpress\/wp-content\/uploads\/2015\/03\/20150223_180027-168x300.jpg\",\"datePublished\":\"2015-03-29T14:29:54+00:00\",\"dateModified\":\"2015-04-12T14:48:33+00:00\",\"breadcrumb\":{\"@id\":\"https:\/\/tierheim-moers.de\/Wordpress\/tommys-tierheim-kolumne-vom-22-03-2015\/#breadcrumb\"},\"inLanguage\":\"de\",\"potentialAction\":[{\"@type\":\"ReadAction\",\"target\":[\"https:\/\/tierheim-moers.de\/Wordpress\/tommys-tierheim-kolumne-vom-22-03-2015\/\"]}]},{\"@type\":\"ImageObject\",\"inLanguage\":\"de\",\"@id\":\"https:\/\/tierheim-moers.de\/Wordpress\/tommys-tierheim-kolumne-vom-22-03-2015\/#primaryimage\",\"url\":\"http:\/\/tierheim-moers.de\/Wordpress\/wp-content\/uploads\/2015\/03\/20150223_180027-168x300.jpg\",\"contentUrl\":\"http:\/\/tierheim-moers.de\/Wordpress\/wp-content\/uploads\/2015\/03\/20150223_180027-168x300.jpg\"},{\"@type\":\"BreadcrumbList\",\"@id\":\"https:\/\/tierheim-moers.de\/Wordpress\/tommys-tierheim-kolumne-vom-22-03-2015\/#breadcrumb\",\"itemListElement\":[{\"@type\":\"ListItem\",\"position\":1,\"name\":\"Startseite\",\"item\":\"https:\/\/tierheim-moers.de\/Wordpress\/\"},{\"@type\":\"ListItem\",\"position\":2,\"name\":\"Tommy&#8217;s Tierheim Kolumne vom 22.03.2015 (Teil 2)\"}]},{\"@type\":\"WebSite\",\"@id\":\"https:\/\/tierheim-moers.de\/Wordpress\/#website\",\"url\":\"https:\/\/tierheim-moers.de\/Wordpress\/\",\"name\":\"Tierheim Moers\",\"description\":\"Tierheim | Hundepension | Tierschutz | Moers\",\"publisher\":{\"@id\":\"https:\/\/tierheim-moers.de\/Wordpress\/#organization\"},\"potentialAction\":[{\"@type\":\"SearchAction\",\"target\":{\"@type\":\"EntryPoint\",\"urlTemplate\":\"https:\/\/tierheim-moers.de\/Wordpress\/?s={search_term_string}\"},\"query-input\":{\"@type\":\"PropertyValueSpecification\",\"valueRequired\":true,\"valueName\":\"search_term_string\"}}],\"inLanguage\":\"de\"},{\"@type\":\"Organization\",\"@id\":\"https:\/\/tierheim-moers.de\/Wordpress\/#organization\",\"name\":\"Tierheim Moers\",\"url\":\"https:\/\/tierheim-moers.de\/Wordpress\/\",\"logo\":{\"@type\":\"ImageObject\",\"inLanguage\":\"de\",\"@id\":\"https:\/\/tierheim-moers.de\/Wordpress\/#\/schema\/logo\/image\/\",\"url\":\"https:\/\/tierheim-moers.de\/Wordpress\/wp-content\/uploads\/2014\/04\/Logo-TSV-Moers-V01-RGB-300.png\",\"contentUrl\":\"https:\/\/tierheim-moers.de\/Wordpress\/wp-content\/uploads\/2014\/04\/Logo-TSV-Moers-V01-RGB-300.png\",\"width\":1052,\"height\":1038,\"caption\":\"Tierheim Moers\"},\"image\":{\"@id\":\"https:\/\/tierheim-moers.de\/Wordpress\/#\/schema\/logo\/image\/\"},\"sameAs\":[\"https:\/\/de-de.facebook.com\/moers.tierheim\"]}]}<\/script>\n<!-- \/ Yoast SEO plugin. -->","yoast_head_json":{"title":"Tommy's Tierheim Kolumne vom 22.03.2015 (Teil 2) | TIERHEIM MOERS","robots":{"index":"index","follow":"follow","max-snippet":"max-snippet:-1","max-image-preview":"max-image-preview:large","max-video-preview":"max-video-preview:-1"},"canonical":"https:\/\/tierheim-moers.de\/Wordpress\/tommys-tierheim-kolumne-vom-22-03-2015\/","og_locale":"de_DE","og_type":"article","og_title":"Tommy's Tierheim Kolumne vom 22.03.2015 (Teil 2) | TIERHEIM MOERS","og_description":"22. M\u00e4rz 2015 Tach auch\u2026! Ich kann Ihnen sagen\u2026 das waren wieder ein paar Tage\u2026 Ich dachte nach den Sauereien in der &#8230;","og_url":"https:\/\/tierheim-moers.de\/Wordpress\/tommys-tierheim-kolumne-vom-22-03-2015\/","og_site_name":"TIERHEIM MOERS","article_publisher":"https:\/\/de-de.facebook.com\/moers.tierheim","article_modified_time":"2015-04-12T14:48:33+00:00","og_image":[{"url":"http:\/\/tierheim-moers.de\/Wordpress\/wp-content\/uploads\/2015\/03\/20150223_180027-168x300.jpg","type":"","width":"","height":""}],"twitter_card":"summary_large_image","twitter_misc":{"Gesch\u00e4tzte Lesezeit":"5\u00a0Minuten"},"schema":{"@context":"https:\/\/schema.org","@graph":[{"@type":"WebPage","@id":"https:\/\/tierheim-moers.de\/Wordpress\/tommys-tierheim-kolumne-vom-22-03-2015\/","url":"https:\/\/tierheim-moers.de\/Wordpress\/tommys-tierheim-kolumne-vom-22-03-2015\/","name":"Tommy's Tierheim Kolumne vom 22.03.2015 (Teil 2) | TIERHEIM MOERS","isPartOf":{"@id":"https:\/\/tierheim-moers.de\/Wordpress\/#website"},"primaryImageOfPage":{"@id":"https:\/\/tierheim-moers.de\/Wordpress\/tommys-tierheim-kolumne-vom-22-03-2015\/#primaryimage"},"image":{"@id":"https:\/\/tierheim-moers.de\/Wordpress\/tommys-tierheim-kolumne-vom-22-03-2015\/#primaryimage"},"thumbnailUrl":"http:\/\/tierheim-moers.de\/Wordpress\/wp-content\/uploads\/2015\/03\/20150223_180027-168x300.jpg","datePublished":"2015-03-29T14:29:54+00:00","dateModified":"2015-04-12T14:48:33+00:00","breadcrumb":{"@id":"https:\/\/tierheim-moers.de\/Wordpress\/tommys-tierheim-kolumne-vom-22-03-2015\/#breadcrumb"},"inLanguage":"de","potentialAction":[{"@type":"ReadAction","target":["https:\/\/tierheim-moers.de\/Wordpress\/tommys-tierheim-kolumne-vom-22-03-2015\/"]}]},{"@type":"ImageObject","inLanguage":"de","@id":"https:\/\/tierheim-moers.de\/Wordpress\/tommys-tierheim-kolumne-vom-22-03-2015\/#primaryimage","url":"http:\/\/tierheim-moers.de\/Wordpress\/wp-content\/uploads\/2015\/03\/20150223_180027-168x300.jpg","contentUrl":"http:\/\/tierheim-moers.de\/Wordpress\/wp-content\/uploads\/2015\/03\/20150223_180027-168x300.jpg"},{"@type":"BreadcrumbList","@id":"https:\/\/tierheim-moers.de\/Wordpress\/tommys-tierheim-kolumne-vom-22-03-2015\/#breadcrumb","itemListElement":[{"@type":"ListItem","position":1,"name":"Startseite","item":"https:\/\/tierheim-moers.de\/Wordpress\/"},{"@type":"ListItem","position":2,"name":"Tommy&#8217;s Tierheim Kolumne vom 22.03.2015 (Teil 2)"}]},{"@type":"WebSite","@id":"https:\/\/tierheim-moers.de\/Wordpress\/#website","url":"https:\/\/tierheim-moers.de\/Wordpress\/","name":"Tierheim Moers","description":"Tierheim | Hundepension | Tierschutz | Moers","publisher":{"@id":"https:\/\/tierheim-moers.de\/Wordpress\/#organization"},"potentialAction":[{"@type":"SearchAction","target":{"@type":"EntryPoint","urlTemplate":"https:\/\/tierheim-moers.de\/Wordpress\/?s={search_term_string}"},"query-input":{"@type":"PropertyValueSpecification","valueRequired":true,"valueName":"search_term_string"}}],"inLanguage":"de"},{"@type":"Organization","@id":"https:\/\/tierheim-moers.de\/Wordpress\/#organization","name":"Tierheim Moers","url":"https:\/\/tierheim-moers.de\/Wordpress\/","logo":{"@type":"ImageObject","inLanguage":"de","@id":"https:\/\/tierheim-moers.de\/Wordpress\/#\/schema\/logo\/image\/","url":"https:\/\/tierheim-moers.de\/Wordpress\/wp-content\/uploads\/2014\/04\/Logo-TSV-Moers-V01-RGB-300.png","contentUrl":"https:\/\/tierheim-moers.de\/Wordpress\/wp-content\/uploads\/2014\/04\/Logo-TSV-Moers-V01-RGB-300.png","width":1052,"height":1038,"caption":"Tierheim Moers"},"image":{"@id":"https:\/\/tierheim-moers.de\/Wordpress\/#\/schema\/logo\/image\/"},"sameAs":["https:\/\/de-de.facebook.com\/moers.tierheim"]}]}},"_links":{"self":[{"href":"https:\/\/tierheim-moers.de\/Wordpress\/wp-json\/wp\/v2\/pages\/6335","targetHints":{"allow":["GET"]}}],"collection":[{"href":"https:\/\/tierheim-moers.de\/Wordpress\/wp-json\/wp\/v2\/pages"}],"about":[{"href":"https:\/\/tierheim-moers.de\/Wordpress\/wp-json\/wp\/v2\/types\/page"}],"author":[{"embeddable":true,"href":"https:\/\/tierheim-moers.de\/Wordpress\/wp-json\/wp\/v2\/users\/3"}],"replies":[{"embeddable":true,"href":"https:\/\/tierheim-moers.de\/Wordpress\/wp-json\/wp\/v2\/comments?post=6335"}],"version-history":[{"count":2,"href":"https:\/\/tierheim-moers.de\/Wordpress\/wp-json\/wp\/v2\/pages\/6335\/revisions"}],"predecessor-version":[{"id":6530,"href":"https:\/\/tierheim-moers.de\/Wordpress\/wp-json\/wp\/v2\/pages\/6335\/revisions\/6530"}],"wp:attachment":[{"href":"https:\/\/tierheim-moers.de\/Wordpress\/wp-json\/wp\/v2\/media?parent=6335"}],"curies":[{"name":"wp","href":"https:\/\/api.w.org\/{rel}","templated":true}]}}