{"id":6399,"date":"2015-04-05T22:07:59","date_gmt":"2015-04-05T20:07:59","guid":{"rendered":"http:\/\/tierheim-moers.de\/Wordpress\/?page_id=6399"},"modified":"2015-04-05T22:07:59","modified_gmt":"2015-04-05T20:07:59","slug":"tommys-tierheim-kolumne-vom-29-03-2015-teil-3","status":"publish","type":"page","link":"https:\/\/tierheim-moers.de\/Wordpress\/tommys-tierheim-kolumne-vom-29-03-2015-teil-3\/","title":{"rendered":"Tommy&#8217;s Tierheim Kolumne vom 29.03.2015 (Teil 3)"},"content":{"rendered":"<header>\n<p style=\"text-align: right;\">29.03.2015<\/p>\n<\/header>\n<div>\n<p>Tach auch!<\/p>\n<p>Da sind wir also wieder\u2026 Im Laufe dieser Woche hatte ich so viele Themen auf meinem Zettel, \u00fcber die ich heute mit Ihnen sprechen wollte, dass vermutlich dieses Internet geplatzt w\u00e4re, oder Sie vor dem Bildschirm eingeschlafen w\u00e4ren. Haben Sie ein Gl\u00fcck, dass ich meine Ideen-<a href=\"http:\/\/tierheim-moers.de\/Wordpress\/wp-content\/uploads\/2014\/04\/Tommy.png\"><img fetchpriority=\"high\" decoding=\"async\" class=\"alignright size-medium wp-image-6337\" alt=\"Tommy\" src=\"http:\/\/tierheim-moers.de\/Wordpress\/wp-content\/uploads\/2014\/04\/Tommy-300x300.png\" width=\"300\" height=\"300\" srcset=\"https:\/\/tierheim-moers.de\/Wordpress\/wp-content\/uploads\/2014\/04\/Tommy-300x300.png 300w, https:\/\/tierheim-moers.de\/Wordpress\/wp-content\/uploads\/2014\/04\/Tommy-150x150.png 150w, https:\/\/tierheim-moers.de\/Wordpress\/wp-content\/uploads\/2014\/04\/Tommy-268x268.png 268w, https:\/\/tierheim-moers.de\/Wordpress\/wp-content\/uploads\/2014\/04\/Tommy.png 403w\" sizes=\"(max-width: 300px) 100vw, 300px\" \/><\/a>Liste im Moment nicht wieder finde \u2013 so beackern wir heute mal nur die Felder, an die ich\u00a0mich erinnern kann.<\/p>\n<p>Anfang der Woche wurden die Tierpflegerinnen zu einem speziellen \u201eNotfall\u201c gerufen. Wie Sie sich inzwischen denken k\u00f6nnen, begann auch diese skurrile Geschichte mit einem ersten Telefonanruf. Eine \u00e4ltere Dame rief an und bat darum ihren verr\u00fcckt gewordenen Kater abzuholen und einzuschl\u00e4fern. Sie h\u00e4tte nun schon die letzte Nacht im Wohnzimmer auf dem Sofa verbracht, weil sie den Kater aus Angst vor ihm ins Schlafzimmer gesperrt hatte.<\/p>\n<p>Mit einem kleinen Schmunzeln auf den Lippen, einer Transportkiste und ein paar dicken Lederhandschuhen r\u00fcckte unsere Katzen-Chefin aus, um den Tiger dingfest zu machen. Nat\u00fcrlich wurde er nicht eingeschl\u00e4fert. Er ist nun erst mal in der Quarant\u00e4ne, und wird\u00a0eingehend untersucht und gecheckt. Wahrscheinlich war es ihm in der kleinen Wohnung bei der alten Dame zu langweilig, und deswegen hat er ihr ab und an mal ein paar Tatzenhiebe verpasst.<\/p>\n<p><a href=\"http:\/\/tierheim-moers.de\/Wordpress\/wp-content\/uploads\/2015\/03\/IMG-20150324-WA0007Leon-kopf.jpg\"><img decoding=\"async\" class=\"aligncenter size-medium wp-image-6325\" alt=\"IMG-20150324-WA0007Leon-kopf\" src=\"http:\/\/tierheim-moers.de\/Wordpress\/wp-content\/uploads\/2015\/03\/IMG-20150324-WA0007Leon-kopf-300x293.jpg\" width=\"300\" height=\"293\" srcset=\"https:\/\/tierheim-moers.de\/Wordpress\/wp-content\/uploads\/2015\/03\/IMG-20150324-WA0007Leon-kopf-300x293.jpg 300w, https:\/\/tierheim-moers.de\/Wordpress\/wp-content\/uploads\/2015\/03\/IMG-20150324-WA0007Leon-kopf.jpg 577w\" sizes=\"(max-width: 300px) 100vw, 300px\" \/><\/a><\/p>\n<p>Bei den Hunden tat sich auch in dieser Woche einiges\u2026 Frodo, Nala und Tracy haben alle sehr gute Interessenten, und werden dann wohl auch kurzfristig ausziehen.<\/p>\n<p>Auch wer keine Ahnung hat wann die Ferien anfangen, wenn man im Tierheim arbeitet merkt man es ganz schnell, wenn die erste Reisewelle beginnt. Gleich mehrere Kleintiere und Katzen zogen in den letzten Tagen bei uns ein. Ein besonders mieser Fall ereignete sich heute fr\u00fch. Ich packe mir manchmal an den Kopf, was sich die Leute so denken\u2026 Irgendwann am fr\u00fchen\u00a0Sonntag-Morgen h\u00f6rte ich ein Auto auf den Tierheim-Parkplatz fahren. Zuerst dachte ich, es k\u00f6nnten die Tierpfleger sein, aber als ich meine verschlafenen Gedanken sortiert hatte (dieser Mist mit der Zeitumstellung hat mich total aus dem Konzept gebracht, au\u00dferdem genie\u00dfe ich es gerade sonntags auch mal ein bisschen l\u00e4nger zu schlafen \u2013 was ich mir in meinem Alter durchaus leisten darf!), d\u00e4mmerte es mir, dass es f\u00fcr die Sonntags-Schicht noch<a href=\"http:\/\/tierheim-moers.de\/Wordpress\/wp-content\/uploads\/2014\/04\/Kaninchen-Parkplatz.jpg\"><img decoding=\"async\" class=\"alignright size-medium wp-image-6340\" alt=\"Kaninchen Parkplatz\" src=\"http:\/\/tierheim-moers.de\/Wordpress\/wp-content\/uploads\/2014\/04\/Kaninchen-Parkplatz-300x254.jpg\" width=\"300\" height=\"254\" srcset=\"https:\/\/tierheim-moers.de\/Wordpress\/wp-content\/uploads\/2014\/04\/Kaninchen-Parkplatz-300x254.jpg 300w, https:\/\/tierheim-moers.de\/Wordpress\/wp-content\/uploads\/2014\/04\/Kaninchen-Parkplatz-700x593.jpg 700w, https:\/\/tierheim-moers.de\/Wordpress\/wp-content\/uploads\/2014\/04\/Kaninchen-Parkplatz.jpg 887w\" sizes=\"(max-width: 300px) 100vw, 300px\" \/><\/a> viel zu fr\u00fch war. Bis ich meine morschen Knochen dann in Bewegung gebracht hatte, und auf dem Parkplatz angekommen war, sah ich auch nur noch ein Auto den Feldweg entlangfahren. Fragen Sie gar nicht erst, ich konnte kein Kennzeichen erkennen und notieren. Ich bin fast 18 Jahre alt, ich kann diese Zeilen deswegen auch nur sonntags schreiben, weil dann hier keiner im Tierheim B\u00fcro am Computer sitzt, und weil dann hier auch weder Sylvie, noch Maggie, noch J\u00fcrgen die deponierte Lesebrille braucht\u2026 \u2013 anders ginge das hier gar nicht.<\/p>\n<p>Lirum larum, kurz darauf kamen die Tierpfleger und entdeckten einen Transportkorb mit einem Kaninchen, einfach in den Regen gestellt. Nicht der erste Fall in diesem Jahr. Vor gut sechs Wochen mussten die Tierpfleger schon einmal Schlag auf Schlag innerhalb weniger Tage gut 10 Kaninchen aufnehmen, die an verschiedenen Stellen in Moers und Neukirchen-Vluyn\u00a0ausgesetzt worden waren. Die Leute sind einfach skrupellos. Aber woher soll die Wertsch\u00e4tzung f\u00fcr ein Tier auch kommen, das man als Tierbaby einfach im Baumarkt kaufen kann?<\/p>\n<p>Ich bin mal gespannt, was in den n\u00e4chsten Tagen noch alles auf uns zukommt. \u00dcbrigens geht es der Amazone aus der Wohnungsr\u00e4umung, immer noch sehr schlecht. Die \u00c4rzte in einer D\u00fcsseldorfer Tierklinik versuchen im Moment immer noch alles, um diesen Vogel zu retten. Sie vermuten, dass der Vorbesitzer dem Tier \u00fcberwiegend Tischreste zu fressen gegeben hat, denn sie bekommen Pedro nicht dazu endlich artgerechtes Papageienfutter zu mampfen.<\/p>\n<p>Aber es gibt auch noch eine gute Nachricht\u2026 Unsere drei Tierheim-Giselas haben am letzten Sonntag auf dem Tr\u00f6delmarkt in der Moerser Innenstadt gestanden und gespendete Sachen verkauft. Leider ging nahezu zeitgleich hier im Tierheim die Heizung kaputt, und die Reparatur wird die Einnahmen aus dem Flohmarkt komplett auffressen. Es ist echt ein Kreuz, ich bekomme es ab und zu mit, wenn hier am Freitag-Abend der Vorstand seine Sitzungen abh\u00e4lt, da wird um jeden Euro gek\u00e4mpft, und dann passiert wieder etwas Unvorhergesehenes und die ganze M\u00fche scheint umsonst gewesen zu sein. Ach, das ist ein gutes Stichwort, demn\u00e4chst m\u00f6chte ich Ihnen mal ein bisschen was zu den Tierheim-Finanzen schreiben \u2013 nicht um zu betteln, sondern einfach damit Sie mal eine Idee haben, wie sich die Leute hier abrackern m\u00fcssen, damit ich und meine Kumpels hier versorgt werden k\u00f6nnen.<\/p>\n<p>Diese Woche fiel die Vorstandssitzung ausnahmsweise Mal aus \u2013 daf\u00fcr trafen sich viele unserer Ehrenamtlichen mit dem Vorstand zum \u201eEhrenamtlichen Stammtisch\u201c. Da kann man\u00a0sich dann untereinander kennenlernen, Gedanken und Erfahrungen austauschen, und bekommt auch ein paar Informationen zu dem Geschehen \u201ehinter den Kulissen\u201c \u00a0im Tierheim. Vielleicht haben Sie ja Lust beim n\u00e4chsten Mal auch mit dabei zu sein? Ich werde Sie informieren\u2026!<\/p>\n<p><a href=\"http:\/\/tierheim-moers.de\/Wordpress\/wp-content\/uploads\/2014\/04\/Eier_mit_Kennzeichnung.jpg\"><img loading=\"lazy\" decoding=\"async\" class=\"alignleft size-medium wp-image-6338\" alt=\"Minolta DSC\" src=\"http:\/\/tierheim-moers.de\/Wordpress\/wp-content\/uploads\/2014\/04\/Eier_mit_Kennzeichnung-300x205.jpg\" width=\"300\" height=\"205\" srcset=\"https:\/\/tierheim-moers.de\/Wordpress\/wp-content\/uploads\/2014\/04\/Eier_mit_Kennzeichnung-300x205.jpg 300w, https:\/\/tierheim-moers.de\/Wordpress\/wp-content\/uploads\/2014\/04\/Eier_mit_Kennzeichnung.jpg 430w\" sizes=\"(max-width: 300px) 100vw, 300px\" \/><\/a>Naja, wie gesagt: ich muss nun ja auch schon mitarbeiten.<\/p>\n<p>Bis dahin w\u00fcnsche ich Ihnen eine gute Woche,<br \/>\nund denken Sie immer daran:\u00a0<a href=\"http:\/\/www.tierschutzbund.de\/verbrauchertipps-eier.html\" target=\"_blank\">\u201eKein Ei mit der Drei!\u201c<\/a><\/p>\n<p>&nbsp;<\/p>\n<p>Ihr Tommy.<\/p>\n<p>Teil 1 verpasst? Klicken Sie\u00a0<a title=\"Tommy\u2019s Kolumne 1 \u2013 vom 15.03.2015\" href=\"http:\/\/tierheim-moers.de\/Wordpress\/tommys-kolumne-1-vom-15-03-2015\/\">hier.<br \/>\nT<\/a>eil 2 verpasst? Klicken Sie\u00a0<a title=\"Tommy\u2019s Tierheim Kolumne vom 22.03.2015\" href=\"http:\/\/tierheim-moers.de\/Wordpress\/tommys-tierheim-kolumne-vom-22-03-2015\/\">hier.<\/a><\/p>\n<\/div>\n<div class=\"shariff shariff-align-flex-start shariff-widget-align-center\" data-url=\"https%3A%2F%2Ftierheim-moers.de%2FWordpress%2Ftommys-tierheim-kolumne-vom-29-03-2015-teil-3%2F\" data-timestamp=\"1428271679\" data-hidezero=\"1\" data-backendurl=\"https:\/\/tierheim-moers.de\/Wordpress\/wp-json\/shariff\/v1\/share_counts?\"><ul class=\"shariff-buttons theme-round orientation-horizontal buttonsize-small\"><li class=\"shariff-button facebook shariff-nocustomcolor\" style=\"background-color:#4273c8\"><a href=\"https:\/\/www.facebook.com\/sharer\/sharer.php?u=https%3A%2F%2Ftierheim-moers.de%2FWordpress%2Ftommys-tierheim-kolumne-vom-29-03-2015-teil-3%2F\" title=\"Bei Facebook teilen\" aria-label=\"Bei Facebook teilen\" role=\"button\" rel=\"nofollow\" class=\"shariff-link\" style=\"; background-color:#3b5998; color:#fff\" target=\"_blank\"><span class=\"shariff-icon\" style=\"\"><svg width=\"32px\" height=\"20px\" xmlns=\"http:\/\/www.w3.org\/2000\/svg\" viewBox=\"0 0 18 32\"><path fill=\"#3b5998\" d=\"M17.1 0.2v4.7h-2.8q-1.5 0-2.1 0.6t-0.5 1.9v3.4h5.2l-0.7 5.3h-4.5v13.6h-5.5v-13.6h-4.5v-5.3h4.5v-3.9q0-3.3 1.9-5.2t5-1.8q2.6 0 4.1 0.2z\"\/><\/svg><\/span><\/a><\/li><li class=\"shariff-button twitter shariff-nocustomcolor\" style=\"background-color:#595959\"><a href=\"https:\/\/twitter.com\/share?url=https%3A%2F%2Ftierheim-moers.de%2FWordpress%2Ftommys-tierheim-kolumne-vom-29-03-2015-teil-3%2F&text=Tommy%E2%80%99s%20Tierheim%20Kolumne%20vom%2029.03.2015%20%28Teil%203%29\" title=\"Bei X teilen\" aria-label=\"Bei X teilen\" role=\"button\" rel=\"noopener nofollow\" class=\"shariff-link\" style=\"; background-color:#000; color:#fff\" target=\"_blank\"><span class=\"shariff-icon\" style=\"\"><svg width=\"32px\" height=\"20px\" xmlns=\"http:\/\/www.w3.org\/2000\/svg\" viewBox=\"0 0 24 24\"><path fill=\"#000\" d=\"M14.258 10.152L23.176 0h-2.113l-7.747 8.813L7.133 0H0l9.352 13.328L0 23.973h2.113l8.176-9.309 6.531 9.309h7.133zm-2.895 3.293l-.949-1.328L2.875 1.56h3.246l6.086 8.523.945 1.328 7.91 11.078h-3.246zm0 0\"\/><\/svg><\/span><\/a><\/li><li class=\"shariff-button whatsapp shariff-nocustomcolor\" style=\"background-color:#5cbe4a\"><a href=\"https:\/\/api.whatsapp.com\/send?text=https%3A%2F%2Ftierheim-moers.de%2FWordpress%2Ftommys-tierheim-kolumne-vom-29-03-2015-teil-3%2F%20Tommy%E2%80%99s%20Tierheim%20Kolumne%20vom%2029.03.2015%20%28Teil%203%29\" title=\"Bei Whatsapp teilen\" aria-label=\"Bei Whatsapp teilen\" role=\"button\" rel=\"noopener nofollow\" class=\"shariff-link\" style=\"; background-color:#34af23; color:#fff\" target=\"_blank\"><span class=\"shariff-icon\" style=\"\"><svg width=\"32px\" height=\"20px\" xmlns=\"http:\/\/www.w3.org\/2000\/svg\" viewBox=\"0 0 32 32\"><path fill=\"#34af23\" d=\"M17.6 17.4q0.2 0 1.7 0.8t1.6 0.9q0 0.1 0 0.3 0 0.6-0.3 1.4-0.3 0.7-1.3 1.2t-1.8 0.5q-1 0-3.4-1.1-1.7-0.8-3-2.1t-2.6-3.3q-1.3-1.9-1.3-3.5v-0.1q0.1-1.6 1.3-2.8 0.4-0.4 0.9-0.4 0.1 0 0.3 0t0.3 0q0.3 0 0.5 0.1t0.3 0.5q0.1 0.4 0.6 1.6t0.4 1.3q0 0.4-0.6 1t-0.6 0.8q0 0.1 0.1 0.3 0.6 1.3 1.8 2.4 1 0.9 2.7 1.8 0.2 0.1 0.4 0.1 0.3 0 1-0.9t0.9-0.9zM14 26.9q2.3 0 4.3-0.9t3.6-2.4 2.4-3.6 0.9-4.3-0.9-4.3-2.4-3.6-3.6-2.4-4.3-0.9-4.3 0.9-3.6 2.4-2.4 3.6-0.9 4.3q0 3.6 2.1 6.6l-1.4 4.2 4.3-1.4q2.8 1.9 6.2 1.9zM14 2.2q2.7 0 5.2 1.1t4.3 2.9 2.9 4.3 1.1 5.2-1.1 5.2-2.9 4.3-4.3 2.9-5.2 1.1q-3.5 0-6.5-1.7l-7.4 2.4 2.4-7.2q-1.9-3.2-1.9-6.9 0-2.7 1.1-5.2t2.9-4.3 4.3-2.9 5.2-1.1z\"\/><\/svg><\/span><\/a><\/li><li class=\"shariff-button sms shariff-nocustomcolor shariff-mobile\" style=\"background-color:#d7d9d8\"><a href=\"sms:?&body=https%3A%2F%2Ftierheim-moers.de%2FWordpress%2Ftommys-tierheim-kolumne-vom-29-03-2015-teil-3%2F\" title=\"Per SMS teilen\" aria-label=\"Per SMS teilen\" role=\"button\" rel=\"noopener nofollow\" class=\"shariff-link\" style=\"; background-color:#a1e877; color:#fff\" target=\"_blank\"><span class=\"shariff-icon\" style=\"\"><svg xmlns=\"http:\/\/www.w3.org\/2000\/svg\" width=\"510\" height=\"510\" viewBox=\"0 0 510 510\"><path fill=\"#a1e877\" d=\"M459 0H51C23 0 0 23 0 51v459l102-102h357c28.1 0 51-22.9 51-51V51C510 23 487.1 0 459 0zM178.5 229.5h-51v-51h51V229.5zM280.5 229.5h-51v-51h51V229.5zM382.5 229.5h-51v-51h51V229.5z\"\/><\/svg><\/span><\/a><\/li><\/ul><\/div>","protected":false},"excerpt":{"rendered":"<p>29.03.2015 Tach auch! Da sind wir also wieder\u2026 Im Laufe dieser Woche hatte ich so viele Themen auf meinem Zettel, \u00fcber die ich heute mit Ihnen sprechen wollte, dass vermutlich dieses Internet geplatzt w\u00e4re, oder Sie vor dem Bildschirm eingeschlafen w\u00e4ren. Haben Sie ein Gl\u00fcck, dass ich meine Ideen-Liste im &#8230;<\/p>\n","protected":false},"author":3,"featured_media":0,"parent":0,"menu_order":0,"comment_status":"closed","ping_status":"open","template":"","meta":{"ngg_post_thumbnail":0,"footnotes":""},"class_list":["post-6399","page","type-page","status-publish","hentry","column","threecol"],"yoast_head":"<!-- This site is optimized with the Yoast SEO plugin v24.6 - https:\/\/yoast.com\/wordpress\/plugins\/seo\/ -->\n<title>Tommy&#039;s Tierheim Kolumne vom 29.03.2015 (Teil 3) | TIERHEIM MOERS<\/title>\n<meta name=\"robots\" content=\"index, follow, max-snippet:-1, max-image-preview:large, max-video-preview:-1\" \/>\n<link rel=\"canonical\" href=\"https:\/\/tierheim-moers.de\/Wordpress\/tommys-tierheim-kolumne-vom-29-03-2015-teil-3\/\" \/>\n<meta property=\"og:locale\" content=\"de_DE\" \/>\n<meta property=\"og:type\" content=\"article\" \/>\n<meta property=\"og:title\" content=\"Tommy&#039;s Tierheim Kolumne vom 29.03.2015 (Teil 3) | TIERHEIM MOERS\" \/>\n<meta property=\"og:description\" content=\"29.03.2015 Tach auch! Da sind wir also wieder\u2026 Im Laufe dieser Woche hatte ich so viele Themen auf meinem Zettel, \u00fcber die &#8230;\" \/>\n<meta property=\"og:url\" content=\"https:\/\/tierheim-moers.de\/Wordpress\/tommys-tierheim-kolumne-vom-29-03-2015-teil-3\/\" \/>\n<meta property=\"og:site_name\" content=\"TIERHEIM MOERS\" \/>\n<meta property=\"article:publisher\" content=\"https:\/\/de-de.facebook.com\/moers.tierheim\" \/>\n<meta property=\"og:image\" content=\"http:\/\/tierheim-moers.de\/Wordpress\/wp-content\/uploads\/2014\/04\/Tommy-300x300.png\" \/>\n<meta name=\"twitter:card\" content=\"summary_large_image\" \/>\n<meta name=\"twitter:label1\" content=\"Gesch\u00e4tzte Lesezeit\" \/>\n\t<meta name=\"twitter:data1\" content=\"4\u00a0Minuten\" \/>\n<script type=\"application\/ld+json\" class=\"yoast-schema-graph\">{\"@context\":\"https:\/\/schema.org\",\"@graph\":[{\"@type\":\"WebPage\",\"@id\":\"https:\/\/tierheim-moers.de\/Wordpress\/tommys-tierheim-kolumne-vom-29-03-2015-teil-3\/\",\"url\":\"https:\/\/tierheim-moers.de\/Wordpress\/tommys-tierheim-kolumne-vom-29-03-2015-teil-3\/\",\"name\":\"Tommy's Tierheim Kolumne vom 29.03.2015 (Teil 3) | TIERHEIM MOERS\",\"isPartOf\":{\"@id\":\"https:\/\/tierheim-moers.de\/Wordpress\/#website\"},\"primaryImageOfPage\":{\"@id\":\"https:\/\/tierheim-moers.de\/Wordpress\/tommys-tierheim-kolumne-vom-29-03-2015-teil-3\/#primaryimage\"},\"image\":{\"@id\":\"https:\/\/tierheim-moers.de\/Wordpress\/tommys-tierheim-kolumne-vom-29-03-2015-teil-3\/#primaryimage\"},\"thumbnailUrl\":\"http:\/\/tierheim-moers.de\/Wordpress\/wp-content\/uploads\/2014\/04\/Tommy-300x300.png\",\"datePublished\":\"2015-04-05T20:07:59+00:00\",\"breadcrumb\":{\"@id\":\"https:\/\/tierheim-moers.de\/Wordpress\/tommys-tierheim-kolumne-vom-29-03-2015-teil-3\/#breadcrumb\"},\"inLanguage\":\"de\",\"potentialAction\":[{\"@type\":\"ReadAction\",\"target\":[\"https:\/\/tierheim-moers.de\/Wordpress\/tommys-tierheim-kolumne-vom-29-03-2015-teil-3\/\"]}]},{\"@type\":\"ImageObject\",\"inLanguage\":\"de\",\"@id\":\"https:\/\/tierheim-moers.de\/Wordpress\/tommys-tierheim-kolumne-vom-29-03-2015-teil-3\/#primaryimage\",\"url\":\"https:\/\/tierheim-moers.de\/Wordpress\/wp-content\/uploads\/2014\/04\/Tommy.png\",\"contentUrl\":\"https:\/\/tierheim-moers.de\/Wordpress\/wp-content\/uploads\/2014\/04\/Tommy.png\",\"width\":403,\"height\":403},{\"@type\":\"BreadcrumbList\",\"@id\":\"https:\/\/tierheim-moers.de\/Wordpress\/tommys-tierheim-kolumne-vom-29-03-2015-teil-3\/#breadcrumb\",\"itemListElement\":[{\"@type\":\"ListItem\",\"position\":1,\"name\":\"Startseite\",\"item\":\"https:\/\/tierheim-moers.de\/Wordpress\/\"},{\"@type\":\"ListItem\",\"position\":2,\"name\":\"Tommy&#8217;s Tierheim Kolumne vom 29.03.2015 (Teil 3)\"}]},{\"@type\":\"WebSite\",\"@id\":\"https:\/\/tierheim-moers.de\/Wordpress\/#website\",\"url\":\"https:\/\/tierheim-moers.de\/Wordpress\/\",\"name\":\"Tierheim Moers\",\"description\":\"Tierheim | Hundepension | Tierschutz | Moers\",\"publisher\":{\"@id\":\"https:\/\/tierheim-moers.de\/Wordpress\/#organization\"},\"potentialAction\":[{\"@type\":\"SearchAction\",\"target\":{\"@type\":\"EntryPoint\",\"urlTemplate\":\"https:\/\/tierheim-moers.de\/Wordpress\/?s={search_term_string}\"},\"query-input\":{\"@type\":\"PropertyValueSpecification\",\"valueRequired\":true,\"valueName\":\"search_term_string\"}}],\"inLanguage\":\"de\"},{\"@type\":\"Organization\",\"@id\":\"https:\/\/tierheim-moers.de\/Wordpress\/#organization\",\"name\":\"Tierheim Moers\",\"url\":\"https:\/\/tierheim-moers.de\/Wordpress\/\",\"logo\":{\"@type\":\"ImageObject\",\"inLanguage\":\"de\",\"@id\":\"https:\/\/tierheim-moers.de\/Wordpress\/#\/schema\/logo\/image\/\",\"url\":\"https:\/\/tierheim-moers.de\/Wordpress\/wp-content\/uploads\/2014\/04\/Logo-TSV-Moers-V01-RGB-300.png\",\"contentUrl\":\"https:\/\/tierheim-moers.de\/Wordpress\/wp-content\/uploads\/2014\/04\/Logo-TSV-Moers-V01-RGB-300.png\",\"width\":1052,\"height\":1038,\"caption\":\"Tierheim Moers\"},\"image\":{\"@id\":\"https:\/\/tierheim-moers.de\/Wordpress\/#\/schema\/logo\/image\/\"},\"sameAs\":[\"https:\/\/de-de.facebook.com\/moers.tierheim\"]}]}<\/script>\n<!-- \/ Yoast SEO plugin. -->","yoast_head_json":{"title":"Tommy's Tierheim Kolumne vom 29.03.2015 (Teil 3) | TIERHEIM MOERS","robots":{"index":"index","follow":"follow","max-snippet":"max-snippet:-1","max-image-preview":"max-image-preview:large","max-video-preview":"max-video-preview:-1"},"canonical":"https:\/\/tierheim-moers.de\/Wordpress\/tommys-tierheim-kolumne-vom-29-03-2015-teil-3\/","og_locale":"de_DE","og_type":"article","og_title":"Tommy's Tierheim Kolumne vom 29.03.2015 (Teil 3) | TIERHEIM MOERS","og_description":"29.03.2015 Tach auch! Da sind wir also wieder\u2026 Im Laufe dieser Woche hatte ich so viele Themen auf meinem Zettel, \u00fcber die &#8230;","og_url":"https:\/\/tierheim-moers.de\/Wordpress\/tommys-tierheim-kolumne-vom-29-03-2015-teil-3\/","og_site_name":"TIERHEIM MOERS","article_publisher":"https:\/\/de-de.facebook.com\/moers.tierheim","og_image":[{"url":"http:\/\/tierheim-moers.de\/Wordpress\/wp-content\/uploads\/2014\/04\/Tommy-300x300.png","type":"","width":"","height":""}],"twitter_card":"summary_large_image","twitter_misc":{"Gesch\u00e4tzte Lesezeit":"4\u00a0Minuten"},"schema":{"@context":"https:\/\/schema.org","@graph":[{"@type":"WebPage","@id":"https:\/\/tierheim-moers.de\/Wordpress\/tommys-tierheim-kolumne-vom-29-03-2015-teil-3\/","url":"https:\/\/tierheim-moers.de\/Wordpress\/tommys-tierheim-kolumne-vom-29-03-2015-teil-3\/","name":"Tommy's Tierheim Kolumne vom 29.03.2015 (Teil 3) | TIERHEIM MOERS","isPartOf":{"@id":"https:\/\/tierheim-moers.de\/Wordpress\/#website"},"primaryImageOfPage":{"@id":"https:\/\/tierheim-moers.de\/Wordpress\/tommys-tierheim-kolumne-vom-29-03-2015-teil-3\/#primaryimage"},"image":{"@id":"https:\/\/tierheim-moers.de\/Wordpress\/tommys-tierheim-kolumne-vom-29-03-2015-teil-3\/#primaryimage"},"thumbnailUrl":"http:\/\/tierheim-moers.de\/Wordpress\/wp-content\/uploads\/2014\/04\/Tommy-300x300.png","datePublished":"2015-04-05T20:07:59+00:00","breadcrumb":{"@id":"https:\/\/tierheim-moers.de\/Wordpress\/tommys-tierheim-kolumne-vom-29-03-2015-teil-3\/#breadcrumb"},"inLanguage":"de","potentialAction":[{"@type":"ReadAction","target":["https:\/\/tierheim-moers.de\/Wordpress\/tommys-tierheim-kolumne-vom-29-03-2015-teil-3\/"]}]},{"@type":"ImageObject","inLanguage":"de","@id":"https:\/\/tierheim-moers.de\/Wordpress\/tommys-tierheim-kolumne-vom-29-03-2015-teil-3\/#primaryimage","url":"https:\/\/tierheim-moers.de\/Wordpress\/wp-content\/uploads\/2014\/04\/Tommy.png","contentUrl":"https:\/\/tierheim-moers.de\/Wordpress\/wp-content\/uploads\/2014\/04\/Tommy.png","width":403,"height":403},{"@type":"BreadcrumbList","@id":"https:\/\/tierheim-moers.de\/Wordpress\/tommys-tierheim-kolumne-vom-29-03-2015-teil-3\/#breadcrumb","itemListElement":[{"@type":"ListItem","position":1,"name":"Startseite","item":"https:\/\/tierheim-moers.de\/Wordpress\/"},{"@type":"ListItem","position":2,"name":"Tommy&#8217;s Tierheim Kolumne vom 29.03.2015 (Teil 3)"}]},{"@type":"WebSite","@id":"https:\/\/tierheim-moers.de\/Wordpress\/#website","url":"https:\/\/tierheim-moers.de\/Wordpress\/","name":"Tierheim Moers","description":"Tierheim | Hundepension | Tierschutz | Moers","publisher":{"@id":"https:\/\/tierheim-moers.de\/Wordpress\/#organization"},"potentialAction":[{"@type":"SearchAction","target":{"@type":"EntryPoint","urlTemplate":"https:\/\/tierheim-moers.de\/Wordpress\/?s={search_term_string}"},"query-input":{"@type":"PropertyValueSpecification","valueRequired":true,"valueName":"search_term_string"}}],"inLanguage":"de"},{"@type":"Organization","@id":"https:\/\/tierheim-moers.de\/Wordpress\/#organization","name":"Tierheim Moers","url":"https:\/\/tierheim-moers.de\/Wordpress\/","logo":{"@type":"ImageObject","inLanguage":"de","@id":"https:\/\/tierheim-moers.de\/Wordpress\/#\/schema\/logo\/image\/","url":"https:\/\/tierheim-moers.de\/Wordpress\/wp-content\/uploads\/2014\/04\/Logo-TSV-Moers-V01-RGB-300.png","contentUrl":"https:\/\/tierheim-moers.de\/Wordpress\/wp-content\/uploads\/2014\/04\/Logo-TSV-Moers-V01-RGB-300.png","width":1052,"height":1038,"caption":"Tierheim Moers"},"image":{"@id":"https:\/\/tierheim-moers.de\/Wordpress\/#\/schema\/logo\/image\/"},"sameAs":["https:\/\/de-de.facebook.com\/moers.tierheim"]}]}},"_links":{"self":[{"href":"https:\/\/tierheim-moers.de\/Wordpress\/wp-json\/wp\/v2\/pages\/6399","targetHints":{"allow":["GET"]}}],"collection":[{"href":"https:\/\/tierheim-moers.de\/Wordpress\/wp-json\/wp\/v2\/pages"}],"about":[{"href":"https:\/\/tierheim-moers.de\/Wordpress\/wp-json\/wp\/v2\/types\/page"}],"author":[{"embeddable":true,"href":"https:\/\/tierheim-moers.de\/Wordpress\/wp-json\/wp\/v2\/users\/3"}],"replies":[{"embeddable":true,"href":"https:\/\/tierheim-moers.de\/Wordpress\/wp-json\/wp\/v2\/comments?post=6399"}],"version-history":[{"count":2,"href":"https:\/\/tierheim-moers.de\/Wordpress\/wp-json\/wp\/v2\/pages\/6399\/revisions"}],"predecessor-version":[{"id":6401,"href":"https:\/\/tierheim-moers.de\/Wordpress\/wp-json\/wp\/v2\/pages\/6399\/revisions\/6401"}],"wp:attachment":[{"href":"https:\/\/tierheim-moers.de\/Wordpress\/wp-json\/wp\/v2\/media?parent=6399"}],"curies":[{"name":"wp","href":"https:\/\/api.w.org\/{rel}","templated":true}]}}